{"id":10373,"date":"2024-02-23T10:41:53","date_gmt":"2024-02-23T09:41:53","guid":{"rendered":"https:\/\/tarifaconnections.com\/p-gestion\/"},"modified":"2026-02-03T08:33:06","modified_gmt":"2026-02-03T07:33:06","slug":"p-gestion","status":"publish","type":"page","link":"https:\/\/tarifaconnections.com\/fr\/p-gestion\/","title":{"rendered":"P.Gestion"},"content":{"rendered":"\t\t<div data-elementor-type=\"wp-page\" data-elementor-id=\"10373\" class=\"elementor elementor-10373 elementor-8803\" data-elementor-settings=\"{&quot;ha_cmc_init_switcher&quot;:&quot;no&quot;}\" data-elementor-post-type=\"page\">\n\t\t\t\t\t\t<section class=\"elementor-section elementor-top-section elementor-element elementor-element-f6cde32 elementor-section-boxed elementor-section-height-default elementor-section-height-default\" data-id=\"f6cde32\" data-element_type=\"section\" data-e-type=\"section\" data-settings=\"{&quot;_ha_eqh_enable&quot;:false}\">\n\t\t\t\t\t\t<div class=\"elementor-container elementor-column-gap-default\">\n\t\t\t\t\t<div class=\"elementor-column elementor-col-100 elementor-top-column elementor-element elementor-element-2124d92\" data-id=\"2124d92\" data-element_type=\"column\" data-e-type=\"column\">\n\t\t\t<div class=\"elementor-widget-wrap elementor-element-populated\">\n\t\t\t\t\t\t<div class=\"elementor-element elementor-element-e4248bf elementor-widget elementor-widget-heading\" data-id=\"e4248bf\" data-element_type=\"widget\" data-e-type=\"widget\" data-widget_type=\"heading.default\">\n\t\t\t\t<div class=\"elementor-widget-container\">\n\t\t\t\t\t<h2 class=\"elementor-heading-title elementor-size-default\">Gestion immobili\u00e8re<\/h2>\t\t\t\t<\/div>\n\t\t\t\t<\/div>\n\t\t\t\t<div class=\"elementor-element elementor-element-b40d924 elementor-widget elementor-widget-heading\" data-id=\"b40d924\" data-element_type=\"widget\" data-e-type=\"widget\" data-widget_type=\"heading.default\">\n\t\t\t\t<div class=\"elementor-widget-container\">\n\t\t\t\t\t<h2 class=\"elementor-heading-title elementor-size-default\">Gestion immobili\u00e8re professionnelle <br>qui s'engage \u00e0 vous offrir la paix <br>et la tranquillit\u00e9 tout au long du processus.<\/h2>\t\t\t\t<\/div>\n\t\t\t\t<\/div>\n\t\t\t\t<section class=\"elementor-section elementor-inner-section elementor-element elementor-element-9b5801d elementor-section-boxed elementor-section-height-default elementor-section-height-default\" data-id=\"9b5801d\" data-element_type=\"section\" data-e-type=\"section\" data-settings=\"{&quot;_ha_eqh_enable&quot;:false}\">\n\t\t\t\t\t\t<div class=\"elementor-container elementor-column-gap-default\">\n\t\t\t\t\t<div class=\"elementor-column elementor-col-100 elementor-inner-column elementor-element elementor-element-f28b396\" data-id=\"f28b396\" data-element_type=\"column\" data-e-type=\"column\">\n\t\t\t<div class=\"elementor-widget-wrap elementor-element-populated\">\n\t\t\t\t\t\t<div class=\"elementor-element elementor-element-8b2c84d elementor-widget elementor-widget-heading\" data-id=\"8b2c84d\" data-element_type=\"widget\" data-e-type=\"widget\" data-widget_type=\"heading.default\">\n\t\t\t\t<div class=\"elementor-widget-container\">\n\t\t\t\t\t<h2 class=\"elementor-heading-title elementor-size-default\">Nous nous en assurons :<\/h2>\t\t\t\t<\/div>\n\t\t\t\t<\/div>\n\t\t\t\t\t<\/div>\n\t\t<\/div>\n\t\t\t\t\t<\/div>\n\t\t<\/section>\n\t\t\t\t<div class=\"elementor-element elementor-element-8853b5a elementor-widget elementor-widget-text-editor\" data-id=\"8853b5a\" data-element_type=\"widget\" data-e-type=\"widget\" data-widget_type=\"text-editor.default\">\n\t\t\t\t<div class=\"elementor-widget-container\">\n\t\t\t\t\t\t\t\t\t<p>&#8211; Vous fournir les meilleurs contacts pour chaque projet et en assurer le suivi.<br>&#8211; Entretien de votre logement.<br>&#8211; Liste d&rsquo;enregistrement et de d\u00e9part pour que votre arriv\u00e9e et votre d\u00e9part soient aussi confortables que possible.<br>&#8211; Collecte du courrier \u00e0 la bo\u00eete aux lettres.<br>&#8211; Nous nous adaptons \u00e0 vos besoins.<\/p>\t\t\t\t\t\t\t\t<\/div>\n\t\t\t\t<\/div>\n\t\t\t\t<section class=\"elementor-section elementor-inner-section elementor-element elementor-element-a457c46 elementor-section-boxed elementor-section-height-default elementor-section-height-default\" data-id=\"a457c46\" data-element_type=\"section\" data-e-type=\"section\" data-settings=\"{&quot;_ha_eqh_enable&quot;:false}\">\n\t\t\t\t\t\t<div class=\"elementor-container elementor-column-gap-default\">\n\t\t\t\t\t<div class=\"elementor-column elementor-col-100 elementor-inner-column elementor-element elementor-element-6b72cfe\" data-id=\"6b72cfe\" data-element_type=\"column\" data-e-type=\"column\">\n\t\t\t<div class=\"elementor-widget-wrap elementor-element-populated\">\n\t\t\t\t\t\t<div class=\"elementor-element elementor-element-e937e44 elementor-widget elementor-widget-heading\" data-id=\"e937e44\" data-element_type=\"widget\" data-e-type=\"widget\" data-widget_type=\"heading.default\">\n\t\t\t\t<div class=\"elementor-widget-container\">\n\t\t\t\t\t<h2 class=\"elementor-heading-title elementor-size-default\">En cas de location du bien :<\/h2>\t\t\t\t<\/div>\n\t\t\t\t<\/div>\n\t\t\t\t<div class=\"elementor-element elementor-element-0622528 elementor-widget elementor-widget-text-editor\" data-id=\"0622528\" data-element_type=\"widget\" data-e-type=\"widget\" data-widget_type=\"text-editor.default\">\n\t\t\t\t<div class=\"elementor-widget-container\">\n\t\t\t\t\t\t\t\t\t<p>&#8211; Recherche de clients pour la location de la propri\u00e9t\u00e9<br>&#8211; Accueil des clients.<br>&#8211; Service de conciergerie 24 heures sur 24.<br>&#8211; Surveillance de la propri\u00e9t\u00e9 au moment du d\u00e9part.<\/p>\t\t\t\t\t\t\t\t<\/div>\n\t\t\t\t<\/div>\n\t\t\t\t\t<\/div>\n\t\t<\/div>\n\t\t\t\t\t<\/div>\n\t\t<\/section>\n\t\t\t\t<div class=\"elementor-element elementor-element-b972d56 elementor-widget elementor-widget-heading\" data-id=\"b972d56\" data-element_type=\"widget\" data-e-type=\"widget\" data-widget_type=\"heading.default\">\n\t\t\t\t<div class=\"elementor-widget-container\">\n\t\t\t\t\t<h2 class=\"elementor-heading-title elementor-size-default\">Notre objectif est de faire en sorte que vous vous sentiez chez vous \u00e0 tout moment, quelle que soit la distance.<\/h2>\t\t\t\t<\/div>\n\t\t\t\t<\/div>\n\t\t\t\t\t<\/div>\n\t\t<\/div>\n\t\t\t\t\t<\/div>\n\t\t<\/section>\n\t\t\t\t<section class=\"elementor-section elementor-top-section elementor-element elementor-element-82369fe elementor-section-boxed elementor-section-height-default elementor-section-height-default\" data-id=\"82369fe\" data-element_type=\"section\" data-e-type=\"section\" data-settings=\"{&quot;_ha_eqh_enable&quot;:false}\">\n\t\t\t\t\t\t<div class=\"elementor-container elementor-column-gap-default\">\n\t\t\t\t\t<div class=\"elementor-column elementor-col-100 elementor-top-column elementor-element elementor-element-3363f67\" data-id=\"3363f67\" data-element_type=\"column\" data-e-type=\"column\">\n\t\t\t<div class=\"elementor-widget-wrap elementor-element-populated\">\n\t\t\t\t\t\t<div class=\"elementor-element elementor-element-22f6af6 elementor-widget elementor-widget-ha-image-compare happy-addon ha-image-compare\" data-id=\"22f6af6\" data-element_type=\"widget\" data-e-type=\"widget\" data-widget_type=\"ha-image-compare.default\">\n\t\t\t\t<div class=\"elementor-widget-container\">\n\t\t\t\t\t        <div class=\"twentytwenty-container hajs-image-comparison\" data-happy-settings=\"{&quot;default_offset_pct&quot;:0.5,&quot;orientation&quot;:&quot;horizontal&quot;,&quot;no_overlay&quot;:false,&quot;move_handle&quot;:&quot;on_swipe&quot;,&quot;before_label&quot;:&quot;Avant&quot;,&quot;after_label&quot;:&quot;Apr\\u00e8s&quot;}\">\n            <img fetchpriority=\"high\" decoding=\"async\" width=\"2048\" height=\"1536\" src=\"https:\/\/tarifaconnections.com\/wp-content\/uploads\/2026\/02\/management00001.jpeg\" class=\"elementor-animation-disable-animation attachment-full size-full wp-image-13522\" alt=\"\" srcset=\"https:\/\/tarifaconnections.com\/wp-content\/uploads\/2026\/02\/management00001.jpeg 2048w, https:\/\/tarifaconnections.com\/wp-content\/uploads\/2026\/02\/management00001-300x225.jpeg 300w, https:\/\/tarifaconnections.com\/wp-content\/uploads\/2026\/02\/management00001-1024x768.jpeg 1024w, https:\/\/tarifaconnections.com\/wp-content\/uploads\/2026\/02\/management00001-768x576.jpeg 768w, https:\/\/tarifaconnections.com\/wp-content\/uploads\/2026\/02\/management00001-1536x1152.jpeg 1536w\" sizes=\"(max-width: 2048px) 100vw, 2048px\" \/><img decoding=\"async\" width=\"2048\" height=\"1536\" src=\"https:\/\/tarifaconnections.com\/wp-content\/uploads\/2026\/02\/management00002.jpeg\" class=\"elementor-animation-disable-animation attachment-full size-full wp-image-13523\" alt=\"\" srcset=\"https:\/\/tarifaconnections.com\/wp-content\/uploads\/2026\/02\/management00002.jpeg 2048w, https:\/\/tarifaconnections.com\/wp-content\/uploads\/2026\/02\/management00002-300x225.jpeg 300w, https:\/\/tarifaconnections.com\/wp-content\/uploads\/2026\/02\/management00002-1024x768.jpeg 1024w, https:\/\/tarifaconnections.com\/wp-content\/uploads\/2026\/02\/management00002-768x576.jpeg 768w, https:\/\/tarifaconnections.com\/wp-content\/uploads\/2026\/02\/management00002-1536x1152.jpeg 1536w\" sizes=\"(max-width: 2048px) 100vw, 2048px\" \/>        <\/div>\n        \t\t\t\t<\/div>\n\t\t\t\t<\/div>\n\t\t\t\t\t<\/div>\n\t\t<\/div>\n\t\t\t\t\t<\/div>\n\t\t<\/section>\n\t\t\t\t<section class=\"elementor-section elementor-top-section elementor-element elementor-element-30af383 elementor-section-boxed elementor-section-height-default elementor-section-height-default\" data-id=\"30af383\" data-element_type=\"section\" data-e-type=\"section\" data-settings=\"{&quot;_ha_eqh_enable&quot;:false}\">\n\t\t\t\t\t\t<div class=\"elementor-container elementor-column-gap-default\">\n\t\t\t\t\t<div class=\"elementor-column elementor-col-100 elementor-top-column elementor-element elementor-element-ff72b6e\" data-id=\"ff72b6e\" data-element_type=\"column\" data-e-type=\"column\" data-settings=\"{&quot;background_background&quot;:&quot;classic&quot;}\">\n\t\t\t<div class=\"elementor-widget-wrap elementor-element-populated\">\n\t\t\t\t\t\t<div class=\"elementor-element elementor-element-eb91e64 elementor-widget elementor-widget-heading\" data-id=\"eb91e64\" data-element_type=\"widget\" data-e-type=\"widget\" data-widget_type=\"heading.default\">\n\t\t\t\t<div class=\"elementor-widget-container\">\n\t\t\t\t\t<h4 class=\"elementor-heading-title elementor-size-default\">Plus d'informations<\/h4>\t\t\t\t<\/div>\n\t\t\t\t<\/div>\n\t\t\t\t<div class=\"elementor-element elementor-element-332943a elementor-align-center elementor-widget elementor-widget-button\" data-id=\"332943a\" data-element_type=\"widget\" data-e-type=\"widget\" data-widget_type=\"button.default\">\n\t\t\t\t<div class=\"elementor-widget-container\">\n\t\t\t\t\t\t\t\t\t<div class=\"elementor-button-wrapper\">\n\t\t\t\t\t<a class=\"elementor-button elementor-button-link elementor-size-sm\" href=\"#elementor-action%3Aaction%3Dpopup%3Aopen%26settings%3DeyJpZCI6MTEyNjMsInRvZ2dsZSI6ZmFsc2V9\" target=\"_blank\">\n\t\t\t\t\t\t<span class=\"elementor-button-content-wrapper\">\n\t\t\t\t\t\t\t\t\t<span class=\"elementor-button-text\">Obtenir un devis<\/span>\n\t\t\t\t\t<\/span>\n\t\t\t\t\t<\/a>\n\t\t\t\t<\/div>\n\t\t\t\t\t\t\t\t<\/div>\n\t\t\t\t<\/div>\n\t\t\t\t\t<\/div>\n\t\t<\/div>\n\t\t\t\t\t<\/div>\n\t\t<\/section>\n\t\t\t\t<\/div>\n\t\t","protected":false},"excerpt":{"rendered":"<p>Gestion immobili\u00e8re Gestion immobili\u00e8re professionnelle qui s&rsquo;engage \u00e0 vous offrir la paix et la tranquillit\u00e9 tout au long du processus. Nous nous en assurons : &#8211; Vous fournir les meilleurs contacts pour chaque projet et en assurer le suivi.&#8211; Entretien de votre logement.&#8211; Liste d&rsquo;enregistrement et de d\u00e9part pour que votre arriv\u00e9e et votre d\u00e9part [&hellip;]<\/p>\n","protected":false},"author":2,"featured_media":11323,"parent":0,"menu_order":0,"comment_status":"closed","ping_status":"closed","template":"","meta":{"_joinchat":[],"footnotes":""},"class_list":["post-10373","page","type-page","status-publish","has-post-thumbnail","hentry"],"yoast_head":"<!-- This site is optimized with the Yoast SEO plugin v27.5 - https:\/\/yoast.com\/product\/yoast-seo-wordpress\/ -->\n<title>P.Gestion - Tarifa Connections<\/title>\n<meta name=\"robots\" content=\"index, follow, max-snippet:-1, max-image-preview:large, max-video-preview:-1\" \/>\n<link rel=\"canonical\" href=\"https:\/\/tarifaconnections.com\/fr\/p-gestion\/\" \/>\n<meta property=\"og:locale\" content=\"fr_FR\" \/>\n<meta property=\"og:type\" content=\"article\" \/>\n<meta property=\"og:title\" content=\"P.Gestion - Tarifa Connections\" \/>\n<meta property=\"og:description\" content=\"Gestion immobili\u00e8re Gestion immobili\u00e8re professionnelle qui s&rsquo;engage \u00e0 vous offrir la paix et la tranquillit\u00e9 tout au long du processus. Nous nous en assurons : &#8211; Vous fournir les meilleurs contacts pour chaque projet et en assurer le suivi.&#8211; Entretien de votre logement.&#8211; Liste d&rsquo;enregistrement et de d\u00e9part pour que votre arriv\u00e9e et votre d\u00e9part [&hellip;]\" \/>\n<meta property=\"og:url\" content=\"https:\/\/tarifaconnections.com\/fr\/p-gestion\/\" \/>\n<meta property=\"og:site_name\" content=\"Tarifa Connections\" \/>\n<meta property=\"article:modified_time\" content=\"2026-02-03T07:33:06+00:00\" \/>\n<meta property=\"og:image\" content=\"https:\/\/tarifaconnections.com\/wp-content\/uploads\/2025\/04\/logo-destacado.jpg\" \/>\n\t<meta property=\"og:image:width\" content=\"2000\" \/>\n\t<meta property=\"og:image:height\" content=\"1741\" \/>\n\t<meta property=\"og:image:type\" content=\"image\/jpeg\" \/>\n<meta name=\"twitter:card\" content=\"summary_large_image\" \/>\n<meta name=\"twitter:label1\" content=\"Dur\u00e9e de lecture estim\u00e9e\" \/>\n\t<meta name=\"twitter:data1\" content=\"1 minute\" \/>\n<script type=\"application\/ld+json\" class=\"yoast-schema-graph\">{\"@context\":\"https:\\\/\\\/schema.org\",\"@graph\":[{\"@type\":\"WebPage\",\"@id\":\"https:\\\/\\\/tarifaconnections.com\\\/fr\\\/p-gestion\\\/\",\"url\":\"https:\\\/\\\/tarifaconnections.com\\\/fr\\\/p-gestion\\\/\",\"name\":\"P.Gestion - Tarifa Connections\",\"isPartOf\":{\"@id\":\"https:\\\/\\\/tarifaconnections.com\\\/fr\\\/#website\"},\"primaryImageOfPage\":{\"@id\":\"https:\\\/\\\/tarifaconnections.com\\\/fr\\\/p-gestion\\\/#primaryimage\"},\"image\":{\"@id\":\"https:\\\/\\\/tarifaconnections.com\\\/fr\\\/p-gestion\\\/#primaryimage\"},\"thumbnailUrl\":\"https:\\\/\\\/tarifaconnections.com\\\/wp-content\\\/uploads\\\/2025\\\/04\\\/logo-destacado.jpg\",\"datePublished\":\"2024-02-23T09:41:53+00:00\",\"dateModified\":\"2026-02-03T07:33:06+00:00\",\"breadcrumb\":{\"@id\":\"https:\\\/\\\/tarifaconnections.com\\\/fr\\\/p-gestion\\\/#breadcrumb\"},\"inLanguage\":\"fr-FR\",\"potentialAction\":[{\"@type\":\"ReadAction\",\"target\":[\"https:\\\/\\\/tarifaconnections.com\\\/fr\\\/p-gestion\\\/\"]}]},{\"@type\":\"ImageObject\",\"inLanguage\":\"fr-FR\",\"@id\":\"https:\\\/\\\/tarifaconnections.com\\\/fr\\\/p-gestion\\\/#primaryimage\",\"url\":\"https:\\\/\\\/tarifaconnections.com\\\/wp-content\\\/uploads\\\/2025\\\/04\\\/logo-destacado.jpg\",\"contentUrl\":\"https:\\\/\\\/tarifaconnections.com\\\/wp-content\\\/uploads\\\/2025\\\/04\\\/logo-destacado.jpg\",\"width\":2000,\"height\":1741},{\"@type\":\"BreadcrumbList\",\"@id\":\"https:\\\/\\\/tarifaconnections.com\\\/fr\\\/p-gestion\\\/#breadcrumb\",\"itemListElement\":[{\"@type\":\"ListItem\",\"position\":1,\"name\":\"Home\",\"item\":\"https:\\\/\\\/tarifaconnections.com\\\/fr\\\/connexions-tarifa\\\/\"},{\"@type\":\"ListItem\",\"position\":2,\"name\":\"P.Gestion\"}]},{\"@type\":\"WebSite\",\"@id\":\"https:\\\/\\\/tarifaconnections.com\\\/fr\\\/#website\",\"url\":\"https:\\\/\\\/tarifaconnections.com\\\/fr\\\/\",\"name\":\"Tarifa Connections\",\"description\":\"Enjoy a unique vacation experience in Tarifa with TarifaConnections. We connect you with an exclusive network of luxury villas and homes, including beachfront options with pools. In addition to your ideal accommodation, we customize your stay with activities, chef services, beauty treatments, and everything else you need. Your perfect getaway in southern Spain, tailored just for you.\",\"publisher\":{\"@id\":\"https:\\\/\\\/tarifaconnections.com\\\/fr\\\/#organization\"},\"potentialAction\":[{\"@type\":\"SearchAction\",\"target\":{\"@type\":\"EntryPoint\",\"urlTemplate\":\"https:\\\/\\\/tarifaconnections.com\\\/fr\\\/?s={search_term_string}\"},\"query-input\":{\"@type\":\"PropertyValueSpecification\",\"valueRequired\":true,\"valueName\":\"search_term_string\"}}],\"inLanguage\":\"fr-FR\"},{\"@type\":\"Organization\",\"@id\":\"https:\\\/\\\/tarifaconnections.com\\\/fr\\\/#organization\",\"name\":\"Tarifa Connections\",\"url\":\"https:\\\/\\\/tarifaconnections.com\\\/fr\\\/\",\"logo\":{\"@type\":\"ImageObject\",\"inLanguage\":\"fr-FR\",\"@id\":\"https:\\\/\\\/tarifaconnections.com\\\/fr\\\/#\\\/schema\\\/logo\\\/image\\\/\",\"url\":\"https:\\\/\\\/tarifaconnections.com\\\/wp-content\\\/uploads\\\/2022\\\/01\\\/cropped-cropped-TC-DORADO-COMPLETO.png\",\"contentUrl\":\"https:\\\/\\\/tarifaconnections.com\\\/wp-content\\\/uploads\\\/2022\\\/01\\\/cropped-cropped-TC-DORADO-COMPLETO.png\",\"width\":1487,\"height\":425,\"caption\":\"Tarifa Connections\"},\"image\":{\"@id\":\"https:\\\/\\\/tarifaconnections.com\\\/fr\\\/#\\\/schema\\\/logo\\\/image\\\/\"}}]}<\/script>\n<!-- \/ Yoast SEO plugin. -->","yoast_head_json":{"title":"P.Gestion - Tarifa Connections","robots":{"index":"index","follow":"follow","max-snippet":"max-snippet:-1","max-image-preview":"max-image-preview:large","max-video-preview":"max-video-preview:-1"},"canonical":"https:\/\/tarifaconnections.com\/fr\/p-gestion\/","og_locale":"fr_FR","og_type":"article","og_title":"P.Gestion - Tarifa Connections","og_description":"Gestion immobili\u00e8re Gestion immobili\u00e8re professionnelle qui s&rsquo;engage \u00e0 vous offrir la paix et la tranquillit\u00e9 tout au long du processus. Nous nous en assurons : &#8211; Vous fournir les meilleurs contacts pour chaque projet et en assurer le suivi.&#8211; Entretien de votre logement.&#8211; Liste d&rsquo;enregistrement et de d\u00e9part pour que votre arriv\u00e9e et votre d\u00e9part [&hellip;]","og_url":"https:\/\/tarifaconnections.com\/fr\/p-gestion\/","og_site_name":"Tarifa Connections","article_modified_time":"2026-02-03T07:33:06+00:00","og_image":[{"width":2000,"height":1741,"url":"https:\/\/tarifaconnections.com\/wp-content\/uploads\/2025\/04\/logo-destacado.jpg","type":"image\/jpeg"}],"twitter_card":"summary_large_image","twitter_misc":{"Dur\u00e9e de lecture estim\u00e9e":"1 minute"},"schema":{"@context":"https:\/\/schema.org","@graph":[{"@type":"WebPage","@id":"https:\/\/tarifaconnections.com\/fr\/p-gestion\/","url":"https:\/\/tarifaconnections.com\/fr\/p-gestion\/","name":"P.Gestion - Tarifa Connections","isPartOf":{"@id":"https:\/\/tarifaconnections.com\/fr\/#website"},"primaryImageOfPage":{"@id":"https:\/\/tarifaconnections.com\/fr\/p-gestion\/#primaryimage"},"image":{"@id":"https:\/\/tarifaconnections.com\/fr\/p-gestion\/#primaryimage"},"thumbnailUrl":"https:\/\/tarifaconnections.com\/wp-content\/uploads\/2025\/04\/logo-destacado.jpg","datePublished":"2024-02-23T09:41:53+00:00","dateModified":"2026-02-03T07:33:06+00:00","breadcrumb":{"@id":"https:\/\/tarifaconnections.com\/fr\/p-gestion\/#breadcrumb"},"inLanguage":"fr-FR","potentialAction":[{"@type":"ReadAction","target":["https:\/\/tarifaconnections.com\/fr\/p-gestion\/"]}]},{"@type":"ImageObject","inLanguage":"fr-FR","@id":"https:\/\/tarifaconnections.com\/fr\/p-gestion\/#primaryimage","url":"https:\/\/tarifaconnections.com\/wp-content\/uploads\/2025\/04\/logo-destacado.jpg","contentUrl":"https:\/\/tarifaconnections.com\/wp-content\/uploads\/2025\/04\/logo-destacado.jpg","width":2000,"height":1741},{"@type":"BreadcrumbList","@id":"https:\/\/tarifaconnections.com\/fr\/p-gestion\/#breadcrumb","itemListElement":[{"@type":"ListItem","position":1,"name":"Home","item":"https:\/\/tarifaconnections.com\/fr\/connexions-tarifa\/"},{"@type":"ListItem","position":2,"name":"P.Gestion"}]},{"@type":"WebSite","@id":"https:\/\/tarifaconnections.com\/fr\/#website","url":"https:\/\/tarifaconnections.com\/fr\/","name":"Tarifa Connections","description":"Enjoy a unique vacation experience in Tarifa with TarifaConnections. We connect you with an exclusive network of luxury villas and homes, including beachfront options with pools. In addition to your ideal accommodation, we customize your stay with activities, chef services, beauty treatments, and everything else you need. Your perfect getaway in southern Spain, tailored just for you.","publisher":{"@id":"https:\/\/tarifaconnections.com\/fr\/#organization"},"potentialAction":[{"@type":"SearchAction","target":{"@type":"EntryPoint","urlTemplate":"https:\/\/tarifaconnections.com\/fr\/?s={search_term_string}"},"query-input":{"@type":"PropertyValueSpecification","valueRequired":true,"valueName":"search_term_string"}}],"inLanguage":"fr-FR"},{"@type":"Organization","@id":"https:\/\/tarifaconnections.com\/fr\/#organization","name":"Tarifa Connections","url":"https:\/\/tarifaconnections.com\/fr\/","logo":{"@type":"ImageObject","inLanguage":"fr-FR","@id":"https:\/\/tarifaconnections.com\/fr\/#\/schema\/logo\/image\/","url":"https:\/\/tarifaconnections.com\/wp-content\/uploads\/2022\/01\/cropped-cropped-TC-DORADO-COMPLETO.png","contentUrl":"https:\/\/tarifaconnections.com\/wp-content\/uploads\/2022\/01\/cropped-cropped-TC-DORADO-COMPLETO.png","width":1487,"height":425,"caption":"Tarifa Connections"},"image":{"@id":"https:\/\/tarifaconnections.com\/fr\/#\/schema\/logo\/image\/"}}]}},"_links":{"self":[{"href":"https:\/\/tarifaconnections.com\/fr\/wp-json\/wp\/v2\/pages\/10373","targetHints":{"allow":["GET"]}}],"collection":[{"href":"https:\/\/tarifaconnections.com\/fr\/wp-json\/wp\/v2\/pages"}],"about":[{"href":"https:\/\/tarifaconnections.com\/fr\/wp-json\/wp\/v2\/types\/page"}],"author":[{"embeddable":true,"href":"https:\/\/tarifaconnections.com\/fr\/wp-json\/wp\/v2\/users\/2"}],"replies":[{"embeddable":true,"href":"https:\/\/tarifaconnections.com\/fr\/wp-json\/wp\/v2\/comments?post=10373"}],"version-history":[{"count":4,"href":"https:\/\/tarifaconnections.com\/fr\/wp-json\/wp\/v2\/pages\/10373\/revisions"}],"predecessor-version":[{"id":13537,"href":"https:\/\/tarifaconnections.com\/fr\/wp-json\/wp\/v2\/pages\/10373\/revisions\/13537"}],"wp:featuredmedia":[{"embeddable":true,"href":"https:\/\/tarifaconnections.com\/fr\/wp-json\/wp\/v2\/media\/11323"}],"wp:attachment":[{"href":"https:\/\/tarifaconnections.com\/fr\/wp-json\/wp\/v2\/media?parent=10373"}],"curies":[{"name":"wp","href":"https:\/\/api.w.org\/{rel}","templated":true}]}}