{"id":10369,"date":"2024-02-23T10:48:14","date_gmt":"2024-02-23T09:48:14","guid":{"rendered":"https:\/\/tarifaconnections.com\/p-conseiller\/"},"modified":"2025-04-25T08:21:06","modified_gmt":"2025-04-25T06:21:06","slug":"p-conseiller","status":"publish","type":"page","link":"https:\/\/tarifaconnections.com\/fr\/p-conseiller\/","title":{"rendered":"P. Conseiller"},"content":{"rendered":"\t\t<div data-elementor-type=\"wp-page\" data-elementor-id=\"10369\" class=\"elementor elementor-10369 elementor-8808\" data-elementor-settings=\"{&quot;ha_cmc_init_switcher&quot;:&quot;no&quot;}\" data-elementor-post-type=\"page\">\n\t\t\t\t\t\t<section class=\"elementor-section elementor-top-section elementor-element elementor-element-f6cde32 elementor-section-boxed elementor-section-height-default elementor-section-height-default\" data-id=\"f6cde32\" data-element_type=\"section\" data-e-type=\"section\" data-settings=\"{&quot;_ha_eqh_enable&quot;:false}\">\n\t\t\t\t\t\t<div class=\"elementor-container elementor-column-gap-default\">\n\t\t\t\t\t<div class=\"elementor-column elementor-col-100 elementor-top-column elementor-element elementor-element-2124d92\" data-id=\"2124d92\" data-element_type=\"column\" data-e-type=\"column\">\n\t\t\t<div class=\"elementor-widget-wrap elementor-element-populated\">\n\t\t\t\t\t\t<div class=\"elementor-element elementor-element-e4248bf elementor-widget elementor-widget-heading\" data-id=\"e4248bf\" data-element_type=\"widget\" data-e-type=\"widget\" data-widget_type=\"heading.default\">\n\t\t\t\t<div class=\"elementor-widget-container\">\n\t\t\t\t\t<h2 class=\"elementor-heading-title elementor-size-default\">Conseiller immobilier<\/h2>\t\t\t\t<\/div>\n\t\t\t\t<\/div>\n\t\t\t\t<div class=\"elementor-element elementor-element-7e4a5b0 elementor-widget elementor-widget-heading\" data-id=\"7e4a5b0\" data-element_type=\"widget\" data-e-type=\"widget\" data-widget_type=\"heading.default\">\n\t\t\t\t<div class=\"elementor-widget-container\">\n\t\t\t\t\t<h2 class=\"elementor-heading-title elementor-size-default\">Des conseils professionnels du d\u00e9but \u00e0 la fin.<br>S'assurer que vous vous sentez en confiance \u00e0 chaque \u00e9tape.<\/h2>\t\t\t\t<\/div>\n\t\t\t\t<\/div>\n\t\t\t\t\t<\/div>\n\t\t<\/div>\n\t\t\t\t\t<\/div>\n\t\t<\/section>\n\t\t\t\t<section class=\"elementor-section elementor-top-section elementor-element elementor-element-30af383 elementor-section-boxed elementor-section-height-default elementor-section-height-default\" data-id=\"30af383\" data-element_type=\"section\" data-e-type=\"section\" data-settings=\"{&quot;_ha_eqh_enable&quot;:false}\">\n\t\t\t\t\t\t<div class=\"elementor-container elementor-column-gap-default\">\n\t\t\t\t\t<div class=\"elementor-column elementor-col-100 elementor-top-column elementor-element elementor-element-ff72b6e\" data-id=\"ff72b6e\" data-element_type=\"column\" data-e-type=\"column\" data-settings=\"{&quot;background_background&quot;:&quot;classic&quot;}\">\n\t\t\t<div class=\"elementor-widget-wrap elementor-element-populated\">\n\t\t\t\t\t\t<div class=\"elementor-element elementor-element-eb91e64 elementor-widget elementor-widget-heading\" data-id=\"eb91e64\" data-element_type=\"widget\" data-e-type=\"widget\" data-widget_type=\"heading.default\">\n\t\t\t\t<div class=\"elementor-widget-container\">\n\t\t\t\t\t<h4 class=\"elementor-heading-title elementor-size-default\">Conseils et proc\u00e9dures pour l'achat<\/h4>\t\t\t\t<\/div>\n\t\t\t\t<\/div>\n\t\t\t\t<div class=\"elementor-element elementor-element-332943a elementor-align-center elementor-widget elementor-widget-button\" data-id=\"332943a\" data-element_type=\"widget\" data-e-type=\"widget\" data-widget_type=\"button.default\">\n\t\t\t\t<div class=\"elementor-widget-container\">\n\t\t\t\t\t\t\t\t\t<div class=\"elementor-button-wrapper\">\n\t\t\t\t\t<a class=\"elementor-button elementor-button-link elementor-size-sm\" href=\"#elementor-action%3Aaction%3Dpopup%3Aopen%26settings%3DeyJpZCI6MTEyNzksInRvZ2dsZSI6ZmFsc2V9\" target=\"_blank\">\n\t\t\t\t\t\t<span class=\"elementor-button-content-wrapper\">\n\t\t\t\t\t\t\t\t\t<span class=\"elementor-button-text\">Obtenir un devis<\/span>\n\t\t\t\t\t<\/span>\n\t\t\t\t\t<\/a>\n\t\t\t\t<\/div>\n\t\t\t\t\t\t\t\t<\/div>\n\t\t\t\t<\/div>\n\t\t\t\t\t<\/div>\n\t\t<\/div>\n\t\t\t\t\t<\/div>\n\t\t<\/section>\n\t\t\t\t<section class=\"elementor-section elementor-top-section elementor-element elementor-element-210b7c4 elementor-section-boxed elementor-section-height-default elementor-section-height-default\" data-id=\"210b7c4\" data-element_type=\"section\" data-e-type=\"section\" data-settings=\"{&quot;_ha_eqh_enable&quot;:false}\">\n\t\t\t\t\t\t<div class=\"elementor-container elementor-column-gap-default\">\n\t\t\t\t\t<div class=\"elementor-column elementor-col-100 elementor-top-column elementor-element elementor-element-50f0853\" data-id=\"50f0853\" data-element_type=\"column\" data-e-type=\"column\" data-settings=\"{&quot;background_background&quot;:&quot;classic&quot;}\">\n\t\t\t<div class=\"elementor-widget-wrap elementor-element-populated\">\n\t\t\t\t\t\t<div class=\"elementor-element elementor-element-91e9b9c elementor-widget elementor-widget-heading\" data-id=\"91e9b9c\" data-element_type=\"widget\" data-e-type=\"widget\" data-widget_type=\"heading.default\">\n\t\t\t\t<div class=\"elementor-widget-container\">\n\t\t\t\t\t<h4 class=\"elementor-heading-title elementor-size-default\">D\u00e9veloppement et ex\u00e9cution de projets<\/h4>\t\t\t\t<\/div>\n\t\t\t\t<\/div>\n\t\t\t\t<div class=\"elementor-element elementor-element-7fd97ff elementor-align-center elementor-widget elementor-widget-button\" data-id=\"7fd97ff\" data-element_type=\"widget\" data-e-type=\"widget\" data-widget_type=\"button.default\">\n\t\t\t\t<div class=\"elementor-widget-container\">\n\t\t\t\t\t\t\t\t\t<div class=\"elementor-button-wrapper\">\n\t\t\t\t\t<a class=\"elementor-button elementor-button-link elementor-size-sm\" href=\"#elementor-action%3Aaction%3Dpopup%3Aopen%26settings%3DeyJpZCI6MTEyNzksInRvZ2dsZSI6ZmFsc2V9\" target=\"_blank\">\n\t\t\t\t\t\t<span class=\"elementor-button-content-wrapper\">\n\t\t\t\t\t\t\t\t\t<span class=\"elementor-button-text\">Obtenir un devis<\/span>\n\t\t\t\t\t<\/span>\n\t\t\t\t\t<\/a>\n\t\t\t\t<\/div>\n\t\t\t\t\t\t\t\t<\/div>\n\t\t\t\t<\/div>\n\t\t\t\t\t<\/div>\n\t\t<\/div>\n\t\t\t\t\t<\/div>\n\t\t<\/section>\n\t\t\t\t<section class=\"elementor-section elementor-top-section elementor-element elementor-element-f7721e0 elementor-section-boxed elementor-section-height-default elementor-section-height-default\" data-id=\"f7721e0\" data-element_type=\"section\" data-e-type=\"section\" data-settings=\"{&quot;_ha_eqh_enable&quot;:false}\">\n\t\t\t\t\t\t<div class=\"elementor-container elementor-column-gap-default\">\n\t\t\t\t\t<div class=\"elementor-column elementor-col-100 elementor-top-column elementor-element elementor-element-e827dbb\" data-id=\"e827dbb\" data-element_type=\"column\" data-e-type=\"column\" data-settings=\"{&quot;background_background&quot;:&quot;classic&quot;}\">\n\t\t\t<div class=\"elementor-widget-wrap elementor-element-populated\">\n\t\t\t\t\t\t<div class=\"elementor-element elementor-element-b942e34 elementor-widget elementor-widget-heading\" data-id=\"b942e34\" data-element_type=\"widget\" data-e-type=\"widget\" data-widget_type=\"heading.default\">\n\t\t\t\t<div class=\"elementor-widget-container\">\n\t\t\t\t\t<h4 class=\"elementor-heading-title elementor-size-default\">Demande de licences et proc\u00e9dures aupr\u00e8s de l'administration<\/h4>\t\t\t\t<\/div>\n\t\t\t\t<\/div>\n\t\t\t\t<div class=\"elementor-element elementor-element-7016753 elementor-align-center elementor-widget elementor-widget-button\" data-id=\"7016753\" data-element_type=\"widget\" data-e-type=\"widget\" data-widget_type=\"button.default\">\n\t\t\t\t<div class=\"elementor-widget-container\">\n\t\t\t\t\t\t\t\t\t<div class=\"elementor-button-wrapper\">\n\t\t\t\t\t<a class=\"elementor-button elementor-button-link elementor-size-sm\" href=\"#elementor-action%3Aaction%3Dpopup%3Aopen%26settings%3DeyJpZCI6MTEyNzksInRvZ2dsZSI6ZmFsc2V9\" target=\"_blank\">\n\t\t\t\t\t\t<span class=\"elementor-button-content-wrapper\">\n\t\t\t\t\t\t\t\t\t<span class=\"elementor-button-text\">Obtenir un devis<\/span>\n\t\t\t\t\t<\/span>\n\t\t\t\t\t<\/a>\n\t\t\t\t<\/div>\n\t\t\t\t\t\t\t\t<\/div>\n\t\t\t\t<\/div>\n\t\t\t\t\t<\/div>\n\t\t<\/div>\n\t\t\t\t\t<\/div>\n\t\t<\/section>\n\t\t\t\t<\/div>\n\t\t","protected":false},"excerpt":{"rendered":"<p>Conseiller immobilier Des conseils professionnels du d\u00e9but \u00e0 la fin.S&rsquo;assurer que vous vous sentez en confiance \u00e0 chaque \u00e9tape. Conseils et proc\u00e9dures pour l&rsquo;achat Obtenir un devis D\u00e9veloppement et ex\u00e9cution de projets Obtenir un devis Demande de licences et proc\u00e9dures aupr\u00e8s de l&rsquo;administration Obtenir un devis<\/p>\n","protected":false},"author":2,"featured_media":11323,"parent":0,"menu_order":0,"comment_status":"closed","ping_status":"closed","template":"","meta":{"_joinchat":[],"footnotes":""},"class_list":["post-10369","page","type-page","status-publish","has-post-thumbnail","hentry"],"yoast_head":"<!-- This site is optimized with the Yoast SEO plugin v27.5 - https:\/\/yoast.com\/product\/yoast-seo-wordpress\/ -->\n<title>P. Conseiller - Tarifa Connections<\/title>\n<meta name=\"robots\" content=\"index, follow, max-snippet:-1, max-image-preview:large, max-video-preview:-1\" \/>\n<link rel=\"canonical\" href=\"https:\/\/tarifaconnections.com\/fr\/p-conseiller\/\" \/>\n<meta property=\"og:locale\" content=\"fr_FR\" \/>\n<meta property=\"og:type\" content=\"article\" \/>\n<meta property=\"og:title\" content=\"P. Conseiller - Tarifa Connections\" \/>\n<meta property=\"og:description\" content=\"Conseiller immobilier Des conseils professionnels du d\u00e9but \u00e0 la fin.S&rsquo;assurer que vous vous sentez en confiance \u00e0 chaque \u00e9tape. Conseils et proc\u00e9dures pour l&rsquo;achat Obtenir un devis D\u00e9veloppement et ex\u00e9cution de projets Obtenir un devis Demande de licences et proc\u00e9dures aupr\u00e8s de l&rsquo;administration Obtenir un devis\" \/>\n<meta property=\"og:url\" content=\"https:\/\/tarifaconnections.com\/fr\/p-conseiller\/\" \/>\n<meta property=\"og:site_name\" content=\"Tarifa Connections\" \/>\n<meta property=\"article:modified_time\" content=\"2025-04-25T06:21:06+00:00\" \/>\n<meta property=\"og:image\" content=\"https:\/\/tarifaconnections.com\/wp-content\/uploads\/2025\/04\/logo-destacado.jpg\" \/>\n\t<meta property=\"og:image:width\" content=\"2000\" \/>\n\t<meta property=\"og:image:height\" content=\"1741\" \/>\n\t<meta property=\"og:image:type\" content=\"image\/jpeg\" \/>\n<meta name=\"twitter:card\" content=\"summary_large_image\" \/>\n<script type=\"application\/ld+json\" class=\"yoast-schema-graph\">{\"@context\":\"https:\\\/\\\/schema.org\",\"@graph\":[{\"@type\":\"WebPage\",\"@id\":\"https:\\\/\\\/tarifaconnections.com\\\/fr\\\/p-conseiller\\\/\",\"url\":\"https:\\\/\\\/tarifaconnections.com\\\/fr\\\/p-conseiller\\\/\",\"name\":\"P. Conseiller - Tarifa Connections\",\"isPartOf\":{\"@id\":\"https:\\\/\\\/tarifaconnections.com\\\/fr\\\/#website\"},\"primaryImageOfPage\":{\"@id\":\"https:\\\/\\\/tarifaconnections.com\\\/fr\\\/p-conseiller\\\/#primaryimage\"},\"image\":{\"@id\":\"https:\\\/\\\/tarifaconnections.com\\\/fr\\\/p-conseiller\\\/#primaryimage\"},\"thumbnailUrl\":\"https:\\\/\\\/tarifaconnections.com\\\/wp-content\\\/uploads\\\/2025\\\/04\\\/logo-destacado.jpg\",\"datePublished\":\"2024-02-23T09:48:14+00:00\",\"dateModified\":\"2025-04-25T06:21:06+00:00\",\"breadcrumb\":{\"@id\":\"https:\\\/\\\/tarifaconnections.com\\\/fr\\\/p-conseiller\\\/#breadcrumb\"},\"inLanguage\":\"fr-FR\",\"potentialAction\":[{\"@type\":\"ReadAction\",\"target\":[\"https:\\\/\\\/tarifaconnections.com\\\/fr\\\/p-conseiller\\\/\"]}]},{\"@type\":\"ImageObject\",\"inLanguage\":\"fr-FR\",\"@id\":\"https:\\\/\\\/tarifaconnections.com\\\/fr\\\/p-conseiller\\\/#primaryimage\",\"url\":\"https:\\\/\\\/tarifaconnections.com\\\/wp-content\\\/uploads\\\/2025\\\/04\\\/logo-destacado.jpg\",\"contentUrl\":\"https:\\\/\\\/tarifaconnections.com\\\/wp-content\\\/uploads\\\/2025\\\/04\\\/logo-destacado.jpg\",\"width\":2000,\"height\":1741},{\"@type\":\"BreadcrumbList\",\"@id\":\"https:\\\/\\\/tarifaconnections.com\\\/fr\\\/p-conseiller\\\/#breadcrumb\",\"itemListElement\":[{\"@type\":\"ListItem\",\"position\":1,\"name\":\"Home\",\"item\":\"https:\\\/\\\/tarifaconnections.com\\\/fr\\\/connexions-tarifa\\\/\"},{\"@type\":\"ListItem\",\"position\":2,\"name\":\"P. Conseiller\"}]},{\"@type\":\"WebSite\",\"@id\":\"https:\\\/\\\/tarifaconnections.com\\\/fr\\\/#website\",\"url\":\"https:\\\/\\\/tarifaconnections.com\\\/fr\\\/\",\"name\":\"Tarifa Connections\",\"description\":\"Enjoy a unique vacation experience in Tarifa with TarifaConnections. We connect you with an exclusive network of luxury villas and homes, including beachfront options with pools. In addition to your ideal accommodation, we customize your stay with activities, chef services, beauty treatments, and everything else you need. Your perfect getaway in southern Spain, tailored just for you.\",\"publisher\":{\"@id\":\"https:\\\/\\\/tarifaconnections.com\\\/fr\\\/#organization\"},\"potentialAction\":[{\"@type\":\"SearchAction\",\"target\":{\"@type\":\"EntryPoint\",\"urlTemplate\":\"https:\\\/\\\/tarifaconnections.com\\\/fr\\\/?s={search_term_string}\"},\"query-input\":{\"@type\":\"PropertyValueSpecification\",\"valueRequired\":true,\"valueName\":\"search_term_string\"}}],\"inLanguage\":\"fr-FR\"},{\"@type\":\"Organization\",\"@id\":\"https:\\\/\\\/tarifaconnections.com\\\/fr\\\/#organization\",\"name\":\"Tarifa Connections\",\"url\":\"https:\\\/\\\/tarifaconnections.com\\\/fr\\\/\",\"logo\":{\"@type\":\"ImageObject\",\"inLanguage\":\"fr-FR\",\"@id\":\"https:\\\/\\\/tarifaconnections.com\\\/fr\\\/#\\\/schema\\\/logo\\\/image\\\/\",\"url\":\"https:\\\/\\\/tarifaconnections.com\\\/wp-content\\\/uploads\\\/2022\\\/01\\\/cropped-cropped-TC-DORADO-COMPLETO.png\",\"contentUrl\":\"https:\\\/\\\/tarifaconnections.com\\\/wp-content\\\/uploads\\\/2022\\\/01\\\/cropped-cropped-TC-DORADO-COMPLETO.png\",\"width\":1487,\"height\":425,\"caption\":\"Tarifa Connections\"},\"image\":{\"@id\":\"https:\\\/\\\/tarifaconnections.com\\\/fr\\\/#\\\/schema\\\/logo\\\/image\\\/\"}}]}<\/script>\n<!-- \/ Yoast SEO plugin. -->","yoast_head_json":{"title":"P. Conseiller - Tarifa Connections","robots":{"index":"index","follow":"follow","max-snippet":"max-snippet:-1","max-image-preview":"max-image-preview:large","max-video-preview":"max-video-preview:-1"},"canonical":"https:\/\/tarifaconnections.com\/fr\/p-conseiller\/","og_locale":"fr_FR","og_type":"article","og_title":"P. Conseiller - Tarifa Connections","og_description":"Conseiller immobilier Des conseils professionnels du d\u00e9but \u00e0 la fin.S&rsquo;assurer que vous vous sentez en confiance \u00e0 chaque \u00e9tape. Conseils et proc\u00e9dures pour l&rsquo;achat Obtenir un devis D\u00e9veloppement et ex\u00e9cution de projets Obtenir un devis Demande de licences et proc\u00e9dures aupr\u00e8s de l&rsquo;administration Obtenir un devis","og_url":"https:\/\/tarifaconnections.com\/fr\/p-conseiller\/","og_site_name":"Tarifa Connections","article_modified_time":"2025-04-25T06:21:06+00:00","og_image":[{"width":2000,"height":1741,"url":"https:\/\/tarifaconnections.com\/wp-content\/uploads\/2025\/04\/logo-destacado.jpg","type":"image\/jpeg"}],"twitter_card":"summary_large_image","schema":{"@context":"https:\/\/schema.org","@graph":[{"@type":"WebPage","@id":"https:\/\/tarifaconnections.com\/fr\/p-conseiller\/","url":"https:\/\/tarifaconnections.com\/fr\/p-conseiller\/","name":"P. Conseiller - Tarifa Connections","isPartOf":{"@id":"https:\/\/tarifaconnections.com\/fr\/#website"},"primaryImageOfPage":{"@id":"https:\/\/tarifaconnections.com\/fr\/p-conseiller\/#primaryimage"},"image":{"@id":"https:\/\/tarifaconnections.com\/fr\/p-conseiller\/#primaryimage"},"thumbnailUrl":"https:\/\/tarifaconnections.com\/wp-content\/uploads\/2025\/04\/logo-destacado.jpg","datePublished":"2024-02-23T09:48:14+00:00","dateModified":"2025-04-25T06:21:06+00:00","breadcrumb":{"@id":"https:\/\/tarifaconnections.com\/fr\/p-conseiller\/#breadcrumb"},"inLanguage":"fr-FR","potentialAction":[{"@type":"ReadAction","target":["https:\/\/tarifaconnections.com\/fr\/p-conseiller\/"]}]},{"@type":"ImageObject","inLanguage":"fr-FR","@id":"https:\/\/tarifaconnections.com\/fr\/p-conseiller\/#primaryimage","url":"https:\/\/tarifaconnections.com\/wp-content\/uploads\/2025\/04\/logo-destacado.jpg","contentUrl":"https:\/\/tarifaconnections.com\/wp-content\/uploads\/2025\/04\/logo-destacado.jpg","width":2000,"height":1741},{"@type":"BreadcrumbList","@id":"https:\/\/tarifaconnections.com\/fr\/p-conseiller\/#breadcrumb","itemListElement":[{"@type":"ListItem","position":1,"name":"Home","item":"https:\/\/tarifaconnections.com\/fr\/connexions-tarifa\/"},{"@type":"ListItem","position":2,"name":"P. Conseiller"}]},{"@type":"WebSite","@id":"https:\/\/tarifaconnections.com\/fr\/#website","url":"https:\/\/tarifaconnections.com\/fr\/","name":"Tarifa Connections","description":"Enjoy a unique vacation experience in Tarifa with TarifaConnections. We connect you with an exclusive network of luxury villas and homes, including beachfront options with pools. In addition to your ideal accommodation, we customize your stay with activities, chef services, beauty treatments, and everything else you need. Your perfect getaway in southern Spain, tailored just for you.","publisher":{"@id":"https:\/\/tarifaconnections.com\/fr\/#organization"},"potentialAction":[{"@type":"SearchAction","target":{"@type":"EntryPoint","urlTemplate":"https:\/\/tarifaconnections.com\/fr\/?s={search_term_string}"},"query-input":{"@type":"PropertyValueSpecification","valueRequired":true,"valueName":"search_term_string"}}],"inLanguage":"fr-FR"},{"@type":"Organization","@id":"https:\/\/tarifaconnections.com\/fr\/#organization","name":"Tarifa Connections","url":"https:\/\/tarifaconnections.com\/fr\/","logo":{"@type":"ImageObject","inLanguage":"fr-FR","@id":"https:\/\/tarifaconnections.com\/fr\/#\/schema\/logo\/image\/","url":"https:\/\/tarifaconnections.com\/wp-content\/uploads\/2022\/01\/cropped-cropped-TC-DORADO-COMPLETO.png","contentUrl":"https:\/\/tarifaconnections.com\/wp-content\/uploads\/2022\/01\/cropped-cropped-TC-DORADO-COMPLETO.png","width":1487,"height":425,"caption":"Tarifa Connections"},"image":{"@id":"https:\/\/tarifaconnections.com\/fr\/#\/schema\/logo\/image\/"}}]}},"_links":{"self":[{"href":"https:\/\/tarifaconnections.com\/fr\/wp-json\/wp\/v2\/pages\/10369","targetHints":{"allow":["GET"]}}],"collection":[{"href":"https:\/\/tarifaconnections.com\/fr\/wp-json\/wp\/v2\/pages"}],"about":[{"href":"https:\/\/tarifaconnections.com\/fr\/wp-json\/wp\/v2\/types\/page"}],"author":[{"embeddable":true,"href":"https:\/\/tarifaconnections.com\/fr\/wp-json\/wp\/v2\/users\/2"}],"replies":[{"embeddable":true,"href":"https:\/\/tarifaconnections.com\/fr\/wp-json\/wp\/v2\/comments?post=10369"}],"version-history":[{"count":2,"href":"https:\/\/tarifaconnections.com\/fr\/wp-json\/wp\/v2\/pages\/10369\/revisions"}],"predecessor-version":[{"id":11357,"href":"https:\/\/tarifaconnections.com\/fr\/wp-json\/wp\/v2\/pages\/10369\/revisions\/11357"}],"wp:featuredmedia":[{"embeddable":true,"href":"https:\/\/tarifaconnections.com\/fr\/wp-json\/wp\/v2\/media\/11323"}],"wp:attachment":[{"href":"https:\/\/tarifaconnections.com\/fr\/wp-json\/wp\/v2\/media?parent=10369"}],"curies":[{"name":"wp","href":"https:\/\/api.w.org\/{rel}","templated":true}]}}