{"id":8809,"date":"2024-02-23T10:48:14","date_gmt":"2024-02-23T09:48:14","guid":{"rendered":"https:\/\/tarifaconnections.com\/?page_id=8809"},"modified":"2025-04-16T09:28:32","modified_gmt":"2025-04-16T07:28:32","slug":"asesoria-inmobiliaria","status":"publish","type":"page","link":"https:\/\/tarifaconnections.com\/es\/asesoria-inmobiliaria\/","title":{"rendered":"Asesoria Inmobiliaria"},"content":{"rendered":"\t\t<div data-elementor-type=\"wp-page\" data-elementor-id=\"8809\" class=\"elementor elementor-8809 elementor-8808\" data-elementor-settings=\"{&quot;ha_cmc_init_switcher&quot;:&quot;no&quot;}\" data-elementor-post-type=\"page\">\n\t\t\t\t\t\t<section class=\"elementor-section elementor-top-section elementor-element elementor-element-f6cde32 elementor-section-boxed elementor-section-height-default elementor-section-height-default\" data-id=\"f6cde32\" data-element_type=\"section\" data-e-type=\"section\" data-settings=\"{&quot;_ha_eqh_enable&quot;:false}\">\n\t\t\t\t\t\t<div class=\"elementor-container elementor-column-gap-default\">\n\t\t\t\t\t<div class=\"elementor-column elementor-col-100 elementor-top-column elementor-element elementor-element-2124d92\" data-id=\"2124d92\" data-element_type=\"column\" data-e-type=\"column\">\n\t\t\t<div class=\"elementor-widget-wrap elementor-element-populated\">\n\t\t\t\t\t\t<div class=\"elementor-element elementor-element-e4248bf elementor-widget elementor-widget-heading\" data-id=\"e4248bf\" data-element_type=\"widget\" data-e-type=\"widget\" data-widget_type=\"heading.default\">\n\t\t\t\t<div class=\"elementor-widget-container\">\n\t\t\t\t\t<h2 class=\"elementor-heading-title elementor-size-default\">Asesor inmobiliario<\/h2>\t\t\t\t<\/div>\n\t\t\t\t<\/div>\n\t\t\t\t<div class=\"elementor-element elementor-element-5e73e3a elementor-widget elementor-widget-heading\" data-id=\"5e73e3a\" data-element_type=\"widget\" data-e-type=\"widget\" data-widget_type=\"heading.default\">\n\t\t\t\t<div class=\"elementor-widget-container\">\n\t\t\t\t\t<h2 class=\"elementor-heading-title elementor-size-default\">Orientaci\u00f3n profesional de principio a fin.<br>Nos aseguramos de que te sientas seguro en cada paso del camino.<\/h2>\t\t\t\t<\/div>\n\t\t\t\t<\/div>\n\t\t\t\t\t<\/div>\n\t\t<\/div>\n\t\t\t\t\t<\/div>\n\t\t<\/section>\n\t\t\t\t<section class=\"elementor-section elementor-top-section elementor-element elementor-element-30af383 elementor-section-boxed elementor-section-height-default elementor-section-height-default\" data-id=\"30af383\" data-element_type=\"section\" data-e-type=\"section\" data-settings=\"{&quot;_ha_eqh_enable&quot;:false}\">\n\t\t\t\t\t\t<div class=\"elementor-container elementor-column-gap-default\">\n\t\t\t\t\t<div class=\"elementor-column elementor-col-100 elementor-top-column elementor-element elementor-element-ff72b6e\" data-id=\"ff72b6e\" data-element_type=\"column\" data-e-type=\"column\" data-settings=\"{&quot;background_background&quot;:&quot;classic&quot;}\">\n\t\t\t<div class=\"elementor-widget-wrap elementor-element-populated\">\n\t\t\t\t\t\t<div class=\"elementor-element elementor-element-eb91e64 elementor-widget elementor-widget-heading\" data-id=\"eb91e64\" data-element_type=\"widget\" data-e-type=\"widget\" data-widget_type=\"heading.default\">\n\t\t\t\t<div class=\"elementor-widget-container\">\n\t\t\t\t\t<h4 class=\"elementor-heading-title elementor-size-default\">Consejos y procedimientos para la compra<\/h4>\t\t\t\t<\/div>\n\t\t\t\t<\/div>\n\t\t\t\t<div class=\"elementor-element elementor-element-332943a elementor-align-center elementor-widget elementor-widget-button\" data-id=\"332943a\" data-element_type=\"widget\" data-e-type=\"widget\" data-widget_type=\"button.default\">\n\t\t\t\t<div class=\"elementor-widget-container\">\n\t\t\t\t\t\t\t\t\t<div class=\"elementor-button-wrapper\">\n\t\t\t\t\t<a class=\"elementor-button elementor-button-link elementor-size-sm\" href=\"#elementor-action%3Aaction%3Dpopup%3Aopen%26settings%3DeyJpZCI6OTczMiwidG9nZ2xlIjpmYWxzZX0%3D\" target=\"_blank\">\n\t\t\t\t\t\t<span class=\"elementor-button-content-wrapper\">\n\t\t\t\t\t\t\t\t\t<span class=\"elementor-button-text\">Solicite presupuesto<\/span>\n\t\t\t\t\t<\/span>\n\t\t\t\t\t<\/a>\n\t\t\t\t<\/div>\n\t\t\t\t\t\t\t\t<\/div>\n\t\t\t\t<\/div>\n\t\t\t\t\t<\/div>\n\t\t<\/div>\n\t\t\t\t\t<\/div>\n\t\t<\/section>\n\t\t\t\t<section class=\"elementor-section elementor-top-section elementor-element elementor-element-210b7c4 elementor-section-boxed elementor-section-height-default elementor-section-height-default\" data-id=\"210b7c4\" data-element_type=\"section\" data-e-type=\"section\" data-settings=\"{&quot;_ha_eqh_enable&quot;:false}\">\n\t\t\t\t\t\t<div class=\"elementor-container elementor-column-gap-default\">\n\t\t\t\t\t<div class=\"elementor-column elementor-col-100 elementor-top-column elementor-element elementor-element-50f0853\" data-id=\"50f0853\" data-element_type=\"column\" data-e-type=\"column\" data-settings=\"{&quot;background_background&quot;:&quot;classic&quot;}\">\n\t\t\t<div class=\"elementor-widget-wrap elementor-element-populated\">\n\t\t\t\t\t\t<div class=\"elementor-element elementor-element-91e9b9c elementor-widget elementor-widget-heading\" data-id=\"91e9b9c\" data-element_type=\"widget\" data-e-type=\"widget\" data-widget_type=\"heading.default\">\n\t\t\t\t<div class=\"elementor-widget-container\">\n\t\t\t\t\t<h4 class=\"elementor-heading-title elementor-size-default\">Desarrollo y ejecuci\u00f3n de proyectos<\/h4>\t\t\t\t<\/div>\n\t\t\t\t<\/div>\n\t\t\t\t<div class=\"elementor-element elementor-element-7fd97ff elementor-align-center elementor-widget elementor-widget-button\" data-id=\"7fd97ff\" data-element_type=\"widget\" data-e-type=\"widget\" data-widget_type=\"button.default\">\n\t\t\t\t<div class=\"elementor-widget-container\">\n\t\t\t\t\t\t\t\t\t<div class=\"elementor-button-wrapper\">\n\t\t\t\t\t<a class=\"elementor-button elementor-button-link elementor-size-sm\" href=\"#elementor-action%3Aaction%3Dpopup%3Aopen%26settings%3DeyJpZCI6OTczMiwidG9nZ2xlIjpmYWxzZX0%3D\" target=\"_blank\">\n\t\t\t\t\t\t<span class=\"elementor-button-content-wrapper\">\n\t\t\t\t\t\t\t\t\t<span class=\"elementor-button-text\">Solicite presupuesto<\/span>\n\t\t\t\t\t<\/span>\n\t\t\t\t\t<\/a>\n\t\t\t\t<\/div>\n\t\t\t\t\t\t\t\t<\/div>\n\t\t\t\t<\/div>\n\t\t\t\t\t<\/div>\n\t\t<\/div>\n\t\t\t\t\t<\/div>\n\t\t<\/section>\n\t\t\t\t<section class=\"elementor-section elementor-top-section elementor-element elementor-element-f7721e0 elementor-section-boxed elementor-section-height-default elementor-section-height-default\" data-id=\"f7721e0\" data-element_type=\"section\" data-e-type=\"section\" data-settings=\"{&quot;_ha_eqh_enable&quot;:false}\">\n\t\t\t\t\t\t<div class=\"elementor-container elementor-column-gap-default\">\n\t\t\t\t\t<div class=\"elementor-column elementor-col-100 elementor-top-column elementor-element elementor-element-e827dbb\" data-id=\"e827dbb\" data-element_type=\"column\" data-e-type=\"column\" data-settings=\"{&quot;background_background&quot;:&quot;classic&quot;}\">\n\t\t\t<div class=\"elementor-widget-wrap elementor-element-populated\">\n\t\t\t\t\t\t<div class=\"elementor-element elementor-element-b942e34 elementor-widget elementor-widget-heading\" data-id=\"b942e34\" data-element_type=\"widget\" data-e-type=\"widget\" data-widget_type=\"heading.default\">\n\t\t\t\t<div class=\"elementor-widget-container\">\n\t\t\t\t\t<h4 class=\"elementor-heading-title elementor-size-default\">Solicitud de licencias y tr\u00e1mites ante la Administraci\u00f3n<\/h4>\t\t\t\t<\/div>\n\t\t\t\t<\/div>\n\t\t\t\t<div class=\"elementor-element elementor-element-7016753 elementor-align-center elementor-widget elementor-widget-button\" data-id=\"7016753\" data-element_type=\"widget\" data-e-type=\"widget\" data-widget_type=\"button.default\">\n\t\t\t\t<div class=\"elementor-widget-container\">\n\t\t\t\t\t\t\t\t\t<div class=\"elementor-button-wrapper\">\n\t\t\t\t\t<a class=\"elementor-button elementor-button-link elementor-size-sm\" href=\"#elementor-action%3Aaction%3Dpopup%3Aopen%26settings%3DeyJpZCI6OTczMiwidG9nZ2xlIjpmYWxzZX0%3D\" target=\"_blank\">\n\t\t\t\t\t\t<span class=\"elementor-button-content-wrapper\">\n\t\t\t\t\t\t\t\t\t<span class=\"elementor-button-text\">Solicite presupuesto<\/span>\n\t\t\t\t\t<\/span>\n\t\t\t\t\t<\/a>\n\t\t\t\t<\/div>\n\t\t\t\t\t\t\t\t<\/div>\n\t\t\t\t<\/div>\n\t\t\t\t\t<\/div>\n\t\t<\/div>\n\t\t\t\t\t<\/div>\n\t\t<\/section>\n\t\t\t\t<\/div>\n\t\t","protected":false},"excerpt":{"rendered":"<p>Asesor inmobiliario Orientaci\u00f3n profesional de principio a fin.Nos aseguramos de que te sientas seguro en cada paso del camino. Consejos y procedimientos para la compra Solicite presupuesto Desarrollo y ejecuci\u00f3n de proyectos Solicite presupuesto Solicitud de licencias y tr\u00e1mites ante la Administraci\u00f3n Solicite presupuesto<\/p>\n","protected":false},"author":2,"featured_media":11325,"parent":0,"menu_order":0,"comment_status":"closed","ping_status":"closed","template":"","meta":{"_joinchat":[],"footnotes":""},"class_list":["post-8809","page","type-page","status-publish","has-post-thumbnail","hentry"],"yoast_head":"<!-- This site is optimized with the Yoast SEO plugin v27.5 - https:\/\/yoast.com\/product\/yoast-seo-wordpress\/ -->\n<title>Asesoria Inmobiliaria - Tarifa Connections<\/title>\n<meta name=\"robots\" content=\"index, follow, max-snippet:-1, max-image-preview:large, max-video-preview:-1\" \/>\n<link rel=\"canonical\" href=\"https:\/\/tarifaconnections.com\/es\/asesoria-inmobiliaria\/\" \/>\n<meta property=\"og:locale\" content=\"es_ES\" \/>\n<meta property=\"og:type\" content=\"article\" \/>\n<meta property=\"og:title\" content=\"Asesoria Inmobiliaria - Tarifa Connections\" \/>\n<meta property=\"og:description\" content=\"Asesor inmobiliario Orientaci\u00f3n profesional de principio a fin.Nos aseguramos de que te sientas seguro en cada paso del camino. Consejos y procedimientos para la compra Solicite presupuesto Desarrollo y ejecuci\u00f3n de proyectos Solicite presupuesto Solicitud de licencias y tr\u00e1mites ante la Administraci\u00f3n Solicite presupuesto\" \/>\n<meta property=\"og:url\" content=\"https:\/\/tarifaconnections.com\/es\/asesoria-inmobiliaria\/\" \/>\n<meta property=\"og:site_name\" content=\"Tarifa Connections\" \/>\n<meta property=\"article:modified_time\" content=\"2025-04-16T07:28:32+00:00\" \/>\n<meta property=\"og:image\" content=\"https:\/\/tarifaconnections.com\/wp-content\/uploads\/2021\/12\/ROOM-SERVICE.jpg\" \/>\n\t<meta property=\"og:image:width\" content=\"2560\" \/>\n\t<meta property=\"og:image:height\" content=\"1707\" \/>\n\t<meta property=\"og:image:type\" content=\"image\/jpeg\" \/>\n<meta name=\"twitter:card\" content=\"summary_large_image\" \/>\n<meta name=\"twitter:label1\" content=\"Tiempo de lectura\" \/>\n\t<meta name=\"twitter:data1\" content=\"1 minuto\" \/>\n<script type=\"application\/ld+json\" class=\"yoast-schema-graph\">{\"@context\":\"https:\\\/\\\/schema.org\",\"@graph\":[{\"@type\":\"WebPage\",\"@id\":\"https:\\\/\\\/tarifaconnections.com\\\/es\\\/asesoria-inmobiliaria\\\/\",\"url\":\"https:\\\/\\\/tarifaconnections.com\\\/es\\\/asesoria-inmobiliaria\\\/\",\"name\":\"Asesoria Inmobiliaria - Tarifa Connections\",\"isPartOf\":{\"@id\":\"https:\\\/\\\/tarifaconnections.com\\\/es\\\/#website\"},\"primaryImageOfPage\":{\"@id\":\"https:\\\/\\\/tarifaconnections.com\\\/es\\\/asesoria-inmobiliaria\\\/#primaryimage\"},\"image\":{\"@id\":\"https:\\\/\\\/tarifaconnections.com\\\/es\\\/asesoria-inmobiliaria\\\/#primaryimage\"},\"thumbnailUrl\":\"https:\\\/\\\/tarifaconnections.com\\\/wp-content\\\/uploads\\\/2025\\\/04\\\/logo-destacado.jpg\",\"datePublished\":\"2024-02-23T09:48:14+00:00\",\"dateModified\":\"2025-04-16T07:28:32+00:00\",\"breadcrumb\":{\"@id\":\"https:\\\/\\\/tarifaconnections.com\\\/es\\\/asesoria-inmobiliaria\\\/#breadcrumb\"},\"inLanguage\":\"es\",\"potentialAction\":[{\"@type\":\"ReadAction\",\"target\":[\"https:\\\/\\\/tarifaconnections.com\\\/es\\\/asesoria-inmobiliaria\\\/\"]}]},{\"@type\":\"ImageObject\",\"inLanguage\":\"es\",\"@id\":\"https:\\\/\\\/tarifaconnections.com\\\/es\\\/asesoria-inmobiliaria\\\/#primaryimage\",\"url\":\"https:\\\/\\\/tarifaconnections.com\\\/wp-content\\\/uploads\\\/2025\\\/04\\\/logo-destacado.jpg\",\"contentUrl\":\"https:\\\/\\\/tarifaconnections.com\\\/wp-content\\\/uploads\\\/2025\\\/04\\\/logo-destacado.jpg\",\"width\":2000,\"height\":1741},{\"@type\":\"BreadcrumbList\",\"@id\":\"https:\\\/\\\/tarifaconnections.com\\\/es\\\/asesoria-inmobiliaria\\\/#breadcrumb\",\"itemListElement\":[{\"@type\":\"ListItem\",\"position\":1,\"name\":\"Home\",\"item\":\"https:\\\/\\\/tarifaconnections.com\\\/es\\\/tarifa-connections\\\/\"},{\"@type\":\"ListItem\",\"position\":2,\"name\":\"Asesoria Inmobiliaria\"}]},{\"@type\":\"WebSite\",\"@id\":\"https:\\\/\\\/tarifaconnections.com\\\/es\\\/#website\",\"url\":\"https:\\\/\\\/tarifaconnections.com\\\/es\\\/\",\"name\":\"Tarifa Connections\",\"description\":\"Enjoy a unique vacation experience in Tarifa with TarifaConnections. We connect you with an exclusive network of luxury villas and homes, including beachfront options with pools. In addition to your ideal accommodation, we customize your stay with activities, chef services, beauty treatments, and everything else you need. Your perfect getaway in southern Spain, tailored just for you.\",\"publisher\":{\"@id\":\"https:\\\/\\\/tarifaconnections.com\\\/es\\\/#organization\"},\"potentialAction\":[{\"@type\":\"SearchAction\",\"target\":{\"@type\":\"EntryPoint\",\"urlTemplate\":\"https:\\\/\\\/tarifaconnections.com\\\/es\\\/?s={search_term_string}\"},\"query-input\":{\"@type\":\"PropertyValueSpecification\",\"valueRequired\":true,\"valueName\":\"search_term_string\"}}],\"inLanguage\":\"es\"},{\"@type\":\"Organization\",\"@id\":\"https:\\\/\\\/tarifaconnections.com\\\/es\\\/#organization\",\"name\":\"Tarifa Connections\",\"url\":\"https:\\\/\\\/tarifaconnections.com\\\/es\\\/\",\"logo\":{\"@type\":\"ImageObject\",\"inLanguage\":\"es\",\"@id\":\"https:\\\/\\\/tarifaconnections.com\\\/es\\\/#\\\/schema\\\/logo\\\/image\\\/\",\"url\":\"https:\\\/\\\/tarifaconnections.com\\\/wp-content\\\/uploads\\\/2022\\\/01\\\/cropped-cropped-TC-DORADO-COMPLETO.png\",\"contentUrl\":\"https:\\\/\\\/tarifaconnections.com\\\/wp-content\\\/uploads\\\/2022\\\/01\\\/cropped-cropped-TC-DORADO-COMPLETO.png\",\"width\":1487,\"height\":425,\"caption\":\"Tarifa Connections\"},\"image\":{\"@id\":\"https:\\\/\\\/tarifaconnections.com\\\/es\\\/#\\\/schema\\\/logo\\\/image\\\/\"}}]}<\/script>\n<!-- \/ Yoast SEO plugin. -->","yoast_head_json":{"title":"Asesoria Inmobiliaria - Tarifa Connections","robots":{"index":"index","follow":"follow","max-snippet":"max-snippet:-1","max-image-preview":"max-image-preview:large","max-video-preview":"max-video-preview:-1"},"canonical":"https:\/\/tarifaconnections.com\/es\/asesoria-inmobiliaria\/","og_locale":"es_ES","og_type":"article","og_title":"Asesoria Inmobiliaria - Tarifa Connections","og_description":"Asesor inmobiliario Orientaci\u00f3n profesional de principio a fin.Nos aseguramos de que te sientas seguro en cada paso del camino. Consejos y procedimientos para la compra Solicite presupuesto Desarrollo y ejecuci\u00f3n de proyectos Solicite presupuesto Solicitud de licencias y tr\u00e1mites ante la Administraci\u00f3n Solicite presupuesto","og_url":"https:\/\/tarifaconnections.com\/es\/asesoria-inmobiliaria\/","og_site_name":"Tarifa Connections","article_modified_time":"2025-04-16T07:28:32+00:00","og_image":[{"width":2560,"height":1707,"url":"https:\/\/tarifaconnections.com\/wp-content\/uploads\/2021\/12\/ROOM-SERVICE.jpg","type":"image\/jpeg"}],"twitter_card":"summary_large_image","twitter_misc":{"Tiempo de lectura":"1 minuto"},"schema":{"@context":"https:\/\/schema.org","@graph":[{"@type":"WebPage","@id":"https:\/\/tarifaconnections.com\/es\/asesoria-inmobiliaria\/","url":"https:\/\/tarifaconnections.com\/es\/asesoria-inmobiliaria\/","name":"Asesoria Inmobiliaria - Tarifa Connections","isPartOf":{"@id":"https:\/\/tarifaconnections.com\/es\/#website"},"primaryImageOfPage":{"@id":"https:\/\/tarifaconnections.com\/es\/asesoria-inmobiliaria\/#primaryimage"},"image":{"@id":"https:\/\/tarifaconnections.com\/es\/asesoria-inmobiliaria\/#primaryimage"},"thumbnailUrl":"https:\/\/tarifaconnections.com\/wp-content\/uploads\/2025\/04\/logo-destacado.jpg","datePublished":"2024-02-23T09:48:14+00:00","dateModified":"2025-04-16T07:28:32+00:00","breadcrumb":{"@id":"https:\/\/tarifaconnections.com\/es\/asesoria-inmobiliaria\/#breadcrumb"},"inLanguage":"es","potentialAction":[{"@type":"ReadAction","target":["https:\/\/tarifaconnections.com\/es\/asesoria-inmobiliaria\/"]}]},{"@type":"ImageObject","inLanguage":"es","@id":"https:\/\/tarifaconnections.com\/es\/asesoria-inmobiliaria\/#primaryimage","url":"https:\/\/tarifaconnections.com\/wp-content\/uploads\/2025\/04\/logo-destacado.jpg","contentUrl":"https:\/\/tarifaconnections.com\/wp-content\/uploads\/2025\/04\/logo-destacado.jpg","width":2000,"height":1741},{"@type":"BreadcrumbList","@id":"https:\/\/tarifaconnections.com\/es\/asesoria-inmobiliaria\/#breadcrumb","itemListElement":[{"@type":"ListItem","position":1,"name":"Home","item":"https:\/\/tarifaconnections.com\/es\/tarifa-connections\/"},{"@type":"ListItem","position":2,"name":"Asesoria Inmobiliaria"}]},{"@type":"WebSite","@id":"https:\/\/tarifaconnections.com\/es\/#website","url":"https:\/\/tarifaconnections.com\/es\/","name":"Tarifa Connections","description":"Enjoy a unique vacation experience in Tarifa with TarifaConnections. We connect you with an exclusive network of luxury villas and homes, including beachfront options with pools. In addition to your ideal accommodation, we customize your stay with activities, chef services, beauty treatments, and everything else you need. Your perfect getaway in southern Spain, tailored just for you.","publisher":{"@id":"https:\/\/tarifaconnections.com\/es\/#organization"},"potentialAction":[{"@type":"SearchAction","target":{"@type":"EntryPoint","urlTemplate":"https:\/\/tarifaconnections.com\/es\/?s={search_term_string}"},"query-input":{"@type":"PropertyValueSpecification","valueRequired":true,"valueName":"search_term_string"}}],"inLanguage":"es"},{"@type":"Organization","@id":"https:\/\/tarifaconnections.com\/es\/#organization","name":"Tarifa Connections","url":"https:\/\/tarifaconnections.com\/es\/","logo":{"@type":"ImageObject","inLanguage":"es","@id":"https:\/\/tarifaconnections.com\/es\/#\/schema\/logo\/image\/","url":"https:\/\/tarifaconnections.com\/wp-content\/uploads\/2022\/01\/cropped-cropped-TC-DORADO-COMPLETO.png","contentUrl":"https:\/\/tarifaconnections.com\/wp-content\/uploads\/2022\/01\/cropped-cropped-TC-DORADO-COMPLETO.png","width":1487,"height":425,"caption":"Tarifa Connections"},"image":{"@id":"https:\/\/tarifaconnections.com\/es\/#\/schema\/logo\/image\/"}}]}},"_links":{"self":[{"href":"https:\/\/tarifaconnections.com\/es\/wp-json\/wp\/v2\/pages\/8809","targetHints":{"allow":["GET"]}}],"collection":[{"href":"https:\/\/tarifaconnections.com\/es\/wp-json\/wp\/v2\/pages"}],"about":[{"href":"https:\/\/tarifaconnections.com\/es\/wp-json\/wp\/v2\/types\/page"}],"author":[{"embeddable":true,"href":"https:\/\/tarifaconnections.com\/es\/wp-json\/wp\/v2\/users\/2"}],"replies":[{"embeddable":true,"href":"https:\/\/tarifaconnections.com\/es\/wp-json\/wp\/v2\/comments?post=8809"}],"version-history":[{"count":9,"href":"https:\/\/tarifaconnections.com\/es\/wp-json\/wp\/v2\/pages\/8809\/revisions"}],"predecessor-version":[{"id":10160,"href":"https:\/\/tarifaconnections.com\/es\/wp-json\/wp\/v2\/pages\/8809\/revisions\/10160"}],"wp:featuredmedia":[{"embeddable":true,"href":"https:\/\/tarifaconnections.com\/es\/wp-json\/wp\/v2\/media\/11325"}],"wp:attachment":[{"href":"https:\/\/tarifaconnections.com\/es\/wp-json\/wp\/v2\/media?parent=8809"}],"curies":[{"name":"wp","href":"https:\/\/api.w.org\/{rel}","templated":true}]}}