{"id":2365,"date":"2021-11-29T09:35:29","date_gmt":"2021-11-29T08:35:29","guid":{"rendered":"https:\/\/tarifaconnections.com\/politica-de-privacidad\/"},"modified":"2025-09-03T14:10:10","modified_gmt":"2025-09-03T12:10:10","slug":"politica-de-privacidad","status":"publish","type":"page","link":"https:\/\/tarifaconnections.com\/es\/politica-de-privacidad\/","title":{"rendered":"Pol\u00edtica de privacidad"},"content":{"rendered":"\t\t<div data-elementor-type=\"wp-page\" data-elementor-id=\"2365\" class=\"elementor elementor-2365 elementor-3\" data-elementor-settings=\"{&quot;ha_cmc_init_switcher&quot;:&quot;no&quot;}\" data-elementor-post-type=\"page\">\n\t\t\t\t\t\t<section class=\"elementor-section elementor-top-section elementor-element elementor-element-74855d78 elementor-section-boxed elementor-section-height-default elementor-section-height-default\" data-id=\"74855d78\" data-element_type=\"section\" data-e-type=\"section\" data-settings=\"{&quot;_ha_eqh_enable&quot;:false}\">\n\t\t\t\t\t\t<div class=\"elementor-container elementor-column-gap-default\">\n\t\t\t\t\t<div class=\"elementor-column elementor-col-100 elementor-top-column elementor-element elementor-element-1f58b78a\" data-id=\"1f58b78a\" data-element_type=\"column\" data-e-type=\"column\">\n\t\t\t<div class=\"elementor-widget-wrap elementor-element-populated\">\n\t\t\t\t\t\t<div class=\"elementor-element elementor-element-113446a4 elementor-widget elementor-widget-text-editor\" data-id=\"113446a4\" data-element_type=\"widget\" data-e-type=\"widget\" data-widget_type=\"text-editor.default\">\n\t\t\t\t<div class=\"elementor-widget-container\">\n\t\t\t\t\t\t\t\t\t<div class=\"elementor-element elementor-element-c289cf9 elementor-widget elementor-widget-heading\" data-id=\"c289cf9\" data-element_type=\"widget\" data-widget_type=\"heading.default\">\n<div class=\"elementor-widget-container\">\n<h2 class=\"elementor-heading-title elementor-size-default\">Pol\u00edtica de privacidad<\/h2>\n<\/div>\n<\/div>\n<div class=\"elementor-element elementor-element-40848db elementor-widget elementor-widget-text-editor\" data-id=\"40848db\" data-element_type=\"widget\" data-widget_type=\"text-editor.default\">\n<div class=\"elementor-widget-container\">\n<div align=\"center\">\n<table border=\"0\" width=\"503\" cellspacing=\"0\" cellpadding=\"0\">\n<tbody>\n<tr>\n<td valign=\"top\" width=\"105\">\n<pre id=\"tw-target-text\" class=\"tw-data-text tw-text-large tw-ta\" dir=\"ltr\" data-placeholder=\"Traducci\u00f3n\"><span class=\"Y2IQFc\" lang=\"en\">P\u00e1gina web<\/span><\/pre>\n<\/td>\n<td valign=\"top\" width=\"398\">\n<p><span lang=\"ES\">www.tarifaconnetions.com<\/span><\/p>\n<\/td>\n<\/tr>\n<tr>\n<td valign=\"top\" width=\"105\">\n<p>Due\u00f1a del sitio web<\/p>\n<\/td>\n<td valign=\"top\" width=\"398\">\n<p><span lang=\"ES\">Nieves Pariente Cabrera. <a href=\"mailto:info@tarifaconnetions.com\"><strong><em>+ info<\/em><\/strong><\/a><\/span><\/p>\n<\/td>\n<\/tr>\n<tr>\n<td valign=\"top\" width=\"105\">\n<pre id=\"tw-target-text\" class=\"tw-data-text tw-text-large tw-ta\" dir=\"ltr\" data-placeholder=\"Traducci\u00f3n\"><span class=\"Y2IQFc\" lang=\"en\">Controlador de datos<\/span><\/pre>\n<\/td>\n<td valign=\"top\" width=\"398\">\n<p><span lang=\"ES\">Nieves Pariente Cabrera (Conexiones Tarifa), en adelante \u00abla empresa\u00bb <a href=\"mailto:info@tarifaconnetions.com\"><strong><em>+ info<\/em><\/strong><\/a><\/span><\/p>\n<\/td>\n<\/tr>\n<tr>\n<td valign=\"top\" width=\"105\">\n<pre id=\"tw-target-text\" class=\"tw-data-text tw-text-large tw-ta\" dir=\"ltr\" data-placeholder=\"Traducci\u00f3n\"><span class=\"Y2IQFc\" lang=\"en\">Finalidad<\/span><\/pre>\n<\/td>\n<td valign=\"top\" width=\"398\">\n<pre id=\"tw-target-text\" class=\"tw-data-text tw-text-large tw-ta\" dir=\"ltr\" data-placeholder=\"Traducci\u00f3n\"><span class=\"Y2IQFc\" lang=\"en\">Gesti\u00f3n, estudio y resoluci\u00f3n de consultas realizadas a trav\u00e9s de la web <span lang=\"ES\"> <a href=\"mailto:info@tarifaconnetions.com\"><strong><em>+ info<\/em><\/strong><\/a><\/span><\/span><\/pre>\n<\/td>\n<\/tr>\n<tr>\n<td valign=\"top\" width=\"105\">\n<pre id=\"tw-target-text\" class=\"tw-data-text tw-text-large tw-ta\" dir=\"ltr\" data-placeholder=\"Traducci\u00f3n\"><span class=\"Y2IQFc\" lang=\"en\">Legitimaci\u00f3n<\/span><\/pre>\n<\/td>\n<td valign=\"top\" width=\"398\">\n<p>Consentimiento otorgado por el usuario <span lang=\"ES\"><a href=\"mailto:info@tarifaconnetions.com\"><strong><em>+ info<\/em><\/strong><\/a><\/span><\/p>\n<\/td>\n<\/tr>\n<tr>\n<td valign=\"top\" width=\"105\">\n<p>Consentimiento de edad legal<\/p>\n<\/td>\n<td valign=\"top\" width=\"398\">\n<p>El Usuario certifica que es mayor de 13 a\u00f1os y que por tanto tiene la capacidad legal necesaria para prestar el consentimiento respecto al tratamiento de sus datos personales y todo ello, de conformidad con lo establecido en la presente Pol\u00edtica de Privacidad.<\/p>\n<p><span lang=\"ES\">&nbsp;<\/span><\/p>\n<\/td>\n<\/tr>\n<tr>\n<td valign=\"top\" width=\"105\">\n<p>Destinatarios<\/p>\n<\/td>\n<td valign=\"top\" width=\"398\">\n<p>Los datos ser\u00e1n comunicados a terceros con el fin de llevar a cabo las finalidades descritas en esta pol\u00edtica de privacidad. En ning\u00fan caso se ceder\u00e1n datos a terceros para finalidades distintas a las descritas en este documento. <\/p>\n<\/td>\n<\/tr>\n<tr>\n<td valign=\"top\" width=\"105\">\n<pre id=\"tw-target-text\" class=\"tw-data-text tw-text-large tw-ta\" dir=\"ltr\" data-placeholder=\"Traducci\u00f3n\"><span class=\"Y2IQFc\" lang=\"en\">Derechos<\/span><\/pre>\n<\/td>\n<td valign=\"top\" width=\"398\">\n<p>Acceder, rectificar y suprimir los datos, as\u00ed como otros derechos, como se explica en la informaci\u00f3n adicional.ed a terceros para finalidades distintas a las descritas en este documento.<\/p>\n<\/td>\n<\/tr>\n<tr>\n<td valign=\"top\" width=\"105\">\n<p><span lang=\"ES\">informaci\u00f3n adicional<\/span><\/p>\n<\/td>\n<td valign=\"top\" width=\"398\">\n<p>Puedes consultar la informaci\u00f3n adicional y detallada sobre Protecci\u00f3n de Datos haciendo clic aqu\u00ed <span lang=\"ES\"><a href=\"mailto:info@tarifaconnetions.com\"><strong><em>+ info<\/em><\/strong><\/a><\/span><\/p>\n<\/td>\n<\/tr>\n<\/tbody>\n<\/table>\n<\/div>\n<p><strong>INFORMACI\u00d3N ADICIONAL SOBRE PROTECCI\u00d3N DE DATOS<\/strong><\/p>\n<p><span lang=\"ES\">1.1 <\/span><strong>&#8211; \u00bfQui\u00e9n es el propietario de este sitio web?<\/strong><\/p>\n<table border=\"0\" cellspacing=\"0\" cellpadding=\"0\">\n<tbody>\n<tr>\n<td valign=\"top\" width=\"212\">\n<p>Identidad<\/p>\n<\/td>\n<td valign=\"top\" width=\"212\">\n<p>Nieves Pariente Cabrera D.N.I: 28.935.279-Z<\/p>\n<\/td>\n<\/tr>\n<tr>\n<td valign=\"top\" width=\"212\">&nbsp;<\/td>\n<td valign=\"top\" width=\"212\">&nbsp;<\/td>\n<\/tr>\n<tr>\n<td valign=\"top\" width=\"212\">\n<p>direccion postal<\/p>\n<\/td>\n<td width=\"212\">\n<p>C\/ Constituci\u00f3n 34 &#8211; 11391 Facinas (C\u00e1diz)<\/p>\n<\/td>\n<\/tr>\n<tr>\n<td valign=\"top\" width=\"212\">\n<p><span lang=\"ES\">Tel\u00e9fono<\/span><\/p>\n<\/td>\n<td valign=\"top\" width=\"212\">\n<p>+34 635 31 17 16<\/p>\n<\/td>\n<\/tr>\n<tr>\n<td valign=\"top\" width=\"212\">\n<p><span lang=\"ES\">Mail:<\/span><\/p>\n<\/td>\n<td valign=\"top\" width=\"212\">\n<p><a href=\"mailto:info@tarifaconnetions.com\">info@tarifaconnetions.com<\/a><\/p>\n<\/td>\n<\/tr>\n<\/tbody>\n<\/table>\n<p><span lang=\"ES\">&nbsp;<\/span><\/p>\n<p><span lang=\"ES\">1.2 <\/span><strong>&#8211; \u00bfQui\u00e9n es responsable del tratamiento de tus datos personales?<\/strong><\/p>\n<table border=\"0\" cellspacing=\"0\" cellpadding=\"0\">\n<tbody>\n<tr>\n<td valign=\"top\" width=\"212\">\n<p>Identidad<\/p>\n<\/td>\n<td valign=\"top\" width=\"212\">\n<p>Nieves Pariente Cabrera D.N.I: 28.935.279-Z<\/p>\n<\/td>\n<\/tr>\n<tr>\n<td valign=\"top\" width=\"212\">&nbsp;<\/td>\n<td valign=\"top\" width=\"212\">&nbsp;<\/td>\n<\/tr>\n<tr>\n<td valign=\"top\" width=\"212\">\n<p>direccion postal<\/p>\n<\/td>\n<td width=\"212\">\n<p>C\/ Constituci\u00f3n 34 &#8211; 11391 Facinas (C\u00e1diz)<\/p>\n<\/td>\n<\/tr>\n<tr>\n<td valign=\"top\" width=\"212\">\n<p><span lang=\"ES\">Tel\u00e9fono<\/span><\/p>\n<\/td>\n<td valign=\"top\" width=\"212\">\n<p>+34 635 31 17 16<\/p>\n<\/td>\n<\/tr>\n<tr>\n<td valign=\"top\" width=\"212\">\n<p><span lang=\"ES\">Mail:<\/span><\/p>\n<\/td>\n<td valign=\"top\" width=\"212\">\n<p><a href=\"mailto:info@tarifaconnetions.com\">info@tarifaconnetions.com<\/a><\/p>\n<\/td>\n<\/tr>\n<\/tbody>\n<\/table>\n<p><strong>&nbsp;<\/strong><\/p>\n<p><span lang=\"ES\">1.3 <\/span><strong>-\u00bfCon qu\u00e9 finalidad trataremos tus datos personales y durante cu\u00e1nto tiempo los conservaremos?<\/strong><\/p>\n<p>La empresa tratar\u00e1 sus datos personales exclusivamente para finalidades determinadas, expl\u00edcitas y leg\u00edtimas, y no ser\u00e1n tratados de forma incompatible con dichas finalidades.<\/p>\n<table border=\"1\" cellspacing=\"0\" cellpadding=\"0\">\n<tbody>\n<tr>\n<td colspan=\"2\" valign=\"top\" width=\"302\">\n<p align=\"center\"><strong>Prop\u00f3sitos<\/strong><\/p>\n<\/td>\n<td valign=\"top\" width=\"122\">\n<p align=\"center\"><strong>Conservaci\u00f3n<\/strong><\/p>\n<\/td>\n<\/tr>\n<tr>\n<td valign=\"top\" width=\"149\">\n<p>Finalidad 1: para usuarios que realizan consultas<\/p>\n<\/td>\n<td valign=\"top\" width=\"154\">\n<pre id=\"tw-target-text\" class=\"tw-data-text tw-text-large tw-ta\" dir=\"ltr\" data-placeholder=\"Traducci\u00f3n\"><span class=\"Y2IQFc\" lang=\"en\">Gesti\u00f3n, estudio y resoluci\u00f3n de consultas realizadas a trav\u00e9s de la web<\/span><\/pre>\n<\/td>\n<td valign=\"top\" width=\"122\">\n<p>Los datos ser\u00e1n suprimidos una vez concluida la finalidad para la que fueron recabados.<\/p>\n<\/td>\n<\/tr>\n<tr>\n<td valign=\"top\" width=\"149\">\n<p>Finalidad 2: para usuarios que nos env\u00edan su Curriculum vitae<\/p>\n<\/td>\n<td valign=\"top\" width=\"154\">\n<p>Gesti\u00f3n de procesos de selecci\u00f3n de personal<\/p>\n<\/td>\n<td valign=\"top\" width=\"122\">\n<p>Los datos ser\u00e1n suprimidos una vez concluida la finalidad para la que fueron recabados.<\/p>\n<\/td>\n<\/tr>\n<tr>\n<td valign=\"top\" width=\"149\">\n<p>Finalidad 3: para clientes de la tienda online<\/p>\n<\/td>\n<td valign=\"top\" width=\"154\">\n<p>Gesti\u00f3n contable, fiscal y administrativa y env\u00edos de publicidad y promoci\u00f3n de productos y servicios de la tienda de la empresa<\/p>\n<\/td>\n<td valign=\"top\" width=\"122\">\n<p>6 a\u00f1os en aplicaci\u00f3n de la Ley General Tributaria<\/p>\n<\/td>\n<\/tr>\n<tr>\n<td valign=\"top\" width=\"149\">\n<p>Finalidad 4: para clientes que soliciten informaci\u00f3n comercial sobre los productos y servicios de la Compa\u00f1\u00eda<\/p>\n<\/td>\n<td valign=\"top\" width=\"154\">\n<p>Env\u00edos de publicidad y promoci\u00f3n de productos y servicios de la empresa<\/p>\n<\/td>\n<td valign=\"top\" width=\"122\">\n<p>Los datos ser\u00e1n suprimidos una vez concluida la finalidad para la que fueron recabados.<\/p>\n<\/td>\n<\/tr>\n<tr>\n<td valign=\"top\" width=\"149\">\n<p>Finalidad 5: para clientes que se suscriban a la newsletter<\/p>\n<\/td>\n<td valign=\"top\" width=\"154\">\n<p>Informaci\u00f3n sobre la empresa y su actividad, noticias de inter\u00e9s y env\u00edo de publicidad y promoci\u00f3n de los productos y servicios de la empresa<\/p>\n<\/td>\n<td valign=\"top\" width=\"122\">\n<p>Los datos ser\u00e1n suprimidos una vez concluida la finalidad para la que fueron recabados.<\/p>\n<\/td>\n<\/tr>\n<\/tbody>\n<\/table>\n<p><span lang=\"ES\">&nbsp;<\/span><\/p>\n<p><span lang=\"ES\">1.4 <\/span><strong>&#8211; \u00bfCu\u00e1l es la legitimaci\u00f3n para el tratamiento de tus datos?<\/strong><\/p>\n<p>La base legal para el tratamiento de tus datos es el consentimiento que nos otorgas al marcar la casilla en la que aceptas nuestra pol\u00edtica de privacidad.<\/p>\n<p><span lang=\"ES\">&nbsp;<\/span><\/p>\n<div align=\"center\">\n<table border=\"1\" cellspacing=\"0\" cellpadding=\"0\">\n<tbody>\n<tr>\n<td colspan=\"2\" valign=\"top\" width=\"302\">\n<p align=\"center\"><strong>Legitimaci\u00f3n para el tratamiento de datos<\/strong><\/p>\n<\/td>\n<\/tr>\n<tr>\n<td valign=\"top\" width=\"149\">\n<p>Finalidad 1: para usuarios que realizan consultas<\/p>\n<\/td>\n<td valign=\"top\" width=\"154\">\n<p>Consentimiento otorgado por el interesado<\/p>\n<\/td>\n<\/tr>\n<tr>\n<td valign=\"top\" width=\"149\">\n<p>Finalidad 2: para usuarios que nos env\u00edan su Curriculum vitae<\/p>\n<\/td>\n<td valign=\"top\" width=\"154\">\n<p>Consentimiento otorgado por el interesado<\/p>\n<\/td>\n<\/tr>\n<tr>\n<td valign=\"top\" width=\"149\">\n<p>Finalidad 3: para clientes de la tienda online<\/p>\n<\/td>\n<td valign=\"top\" width=\"154\">\n<p>Ejecuci\u00f3n del contrato de compraventa e inter\u00e9s leg\u00edtimo del responsable<\/p>\n<\/td>\n<\/tr>\n<tr>\n<td valign=\"top\" width=\"149\">\n<p>Finalidad 4: para clientes que soliciten informaci\u00f3n comercial sobre los productos y servicios de la Compa\u00f1\u00eda<\/p>\n<\/td>\n<td valign=\"top\" width=\"154\">\n<p>Consentimiento otorgado por el interesado<\/p>\n<\/td>\n<\/tr>\n<tr>\n<td valign=\"top\" width=\"149\">\n<p>Finalidad 5: para clientes que se suscriban a la newsletter<\/p>\n<\/td>\n<td valign=\"top\" width=\"154\">\n<p>Consentimiento otorgado por el interesado<\/p>\n<\/td>\n<\/tr>\n<\/tbody>\n<\/table>\n<\/div>\n<p><span lang=\"ES\">&nbsp;<\/span><\/p>\n<p><span lang=\"ES\">1.5 <\/span><strong>-\u00bfA qu\u00e9 destinatarios se comunicar\u00e1n tus datos?<\/strong><\/p>\n<p>Los datos ser\u00e1n comunicados a las siguientes empresas y con las siguientes finalidades:<\/p>\n<table border=\"0\" cellspacing=\"0\" cellpadding=\"0\">\n<tbody>\n<tr>\n<td valign=\"top\" width=\"195\">\n<p align=\"center\">DESTINATARIOS<\/p>\n<\/td>\n<td valign=\"top\" width=\"194\">\n<p align=\"center\">PROP\u00d3SITO<\/p>\n<\/td>\n<\/tr>\n<tr>\n<td valign=\"top\" width=\"195\">\n<p><span lang=\"ES\">SERED HOSTING, SL. \u2013 CIF: B-32496242 <\/span><\/p>\n<\/td>\n<td valign=\"top\" width=\"194\">\n<pre id=\"tw-target-text\" class=\"tw-data-text tw-text-large tw-ta\" dir=\"ltr\" data-placeholder=\"Traducci\u00f3n\"><span class=\"Y2IQFc\" lang=\"en\">Empresa a la que hemos contratado el servicio de alojamiento web<\/span><\/pre>\n<\/td>\n<\/tr>\n<\/tbody>\n<\/table>\n<p><span lang=\"ES\">1.6 <\/span><strong>-\u00bfCu\u00e1les son tus derechos cuando nos facilitas tus datos?<\/strong><\/p>\n<p>Cualquier persona tiene derecho a obtener confirmaci\u00f3n sobre si en la empresa se est\u00e1n tratando datos personales que les conciernan, o no.<\/p>\n<p>En concreto, puede dirigirse a la empresa en su direcci\u00f3n postal o en la direcci\u00f3n de correo electr\u00f3nico facilitada en este documento con el fin de ejercer los siguientes derechos:<\/p>\n<p>Derecho a solicitar el acceso a los datos personales relativos al interesado.<\/p>\n<p>Derecho a solicitar su rectificaci\u00f3n o supresi\u00f3n.<\/p>\n<p>Derecho a solicitar la limitaci\u00f3n de su tratamiento.<\/p>\n<p>Derecho a oponerse al tratamiento.<\/p>\n<p>Derecho a la portabilidad de los datos.<\/p>\n<p>Puede solicitar los formularios necesarios para ejercer estos derechos enviando un correo electr\u00f3nico a la direcci\u00f3n de correo electr\u00f3nico facilitada en este documento.<\/p>\n<p>Given the highly personal nature of the exercise of any of these rights, you must attach a copy of your identity card or equivalent supporting document to the request.<\/p>\n<p>Puedes dirigirte a la Agencia Espa\u00f1ola de Protecci\u00f3n de Datos para obtener informaci\u00f3n adicional sobre tus derechos o presentar una reclamaci\u00f3n ante la misma, especialmente cuando no hayas obtenido satisfacci\u00f3n en el ejercicio de tus derechos, obteniendo toda la informaci\u00f3n necesaria para ello a trav\u00e9s de la web <a href=\"http:\/\/www.agpd.es\/\">www.agpd.es<\/a>.<\/p>\n<\/div>\n<\/div>\t\t\t\t\t\t\t\t<\/div>\n\t\t\t\t<\/div>\n\t\t\t\t\t<\/div>\n\t\t<\/div>\n\t\t\t\t\t<\/div>\n\t\t<\/section>\n\t\t\t\t<\/div>\n\t\t","protected":false},"excerpt":{"rendered":"<p>Pol\u00edtica de privacidad P\u00e1gina web www.tarifaconnetions.com Due\u00f1a del sitio web Nieves Pariente Cabrera. + info Controlador de datos Nieves Pariente Cabrera (Conexiones Tarifa), en adelante \u00abla empresa\u00bb + info Finalidad Gesti\u00f3n, estudio y resoluci\u00f3n de consultas realizadas a trav\u00e9s de la web + info Legitimaci\u00f3n Consentimiento otorgado por el usuario + info Consentimiento de edad [&hellip;]<\/p>\n","protected":false},"author":1,"featured_media":0,"parent":0,"menu_order":0,"comment_status":"closed","ping_status":"closed","template":"","meta":{"_joinchat":[],"footnotes":""},"class_list":["post-2365","page","type-page","status-publish","hentry"],"yoast_head":"<!-- This site is optimized with the Yoast SEO plugin v27.6 - https:\/\/yoast.com\/product\/yoast-seo-wordpress\/ -->\n<title>Pol\u00edtica de privacidad - Tarifa Connections<\/title>\n<meta name=\"robots\" content=\"index, follow, max-snippet:-1, max-image-preview:large, max-video-preview:-1\" \/>\n<link rel=\"canonical\" href=\"https:\/\/tarifaconnections.com\/es\/politica-de-privacidad\/\" \/>\n<meta property=\"og:locale\" content=\"es_ES\" \/>\n<meta property=\"og:type\" content=\"article\" \/>\n<meta property=\"og:title\" content=\"Pol\u00edtica de privacidad - Tarifa Connections\" \/>\n<meta property=\"og:description\" content=\"Pol\u00edtica de privacidad P\u00e1gina web www.tarifaconnetions.com Due\u00f1a del sitio web Nieves Pariente Cabrera. + info Controlador de datos Nieves Pariente Cabrera (Conexiones Tarifa), en adelante \u00abla empresa\u00bb + info Finalidad Gesti\u00f3n, estudio y resoluci\u00f3n de consultas realizadas a trav\u00e9s de la web + info Legitimaci\u00f3n Consentimiento otorgado por el usuario + info Consentimiento de edad [&hellip;]\" \/>\n<meta property=\"og:url\" content=\"https:\/\/tarifaconnections.com\/es\/politica-de-privacidad\/\" \/>\n<meta property=\"og:site_name\" content=\"Tarifa Connections\" \/>\n<meta property=\"article:modified_time\" content=\"2025-09-03T12:10:10+00:00\" \/>\n<meta name=\"twitter:card\" content=\"summary_large_image\" \/>\n<meta name=\"twitter:label1\" content=\"Tiempo de lectura\" \/>\n\t<meta name=\"twitter:data1\" content=\"8 minutos\" \/>\n<script type=\"application\/ld+json\" class=\"yoast-schema-graph\">{\"@context\":\"https:\\\/\\\/schema.org\",\"@graph\":[{\"@type\":\"WebPage\",\"@id\":\"https:\\\/\\\/tarifaconnections.com\\\/es\\\/politica-de-privacidad\\\/\",\"url\":\"https:\\\/\\\/tarifaconnections.com\\\/es\\\/politica-de-privacidad\\\/\",\"name\":\"Pol\u00edtica de privacidad - Tarifa Connections\",\"isPartOf\":{\"@id\":\"https:\\\/\\\/tarifaconnections.com\\\/es\\\/#website\"},\"datePublished\":\"2021-11-29T08:35:29+00:00\",\"dateModified\":\"2025-09-03T12:10:10+00:00\",\"breadcrumb\":{\"@id\":\"https:\\\/\\\/tarifaconnections.com\\\/es\\\/politica-de-privacidad\\\/#breadcrumb\"},\"inLanguage\":\"es\",\"potentialAction\":[{\"@type\":\"ReadAction\",\"target\":[\"https:\\\/\\\/tarifaconnections.com\\\/es\\\/politica-de-privacidad\\\/\"]}]},{\"@type\":\"BreadcrumbList\",\"@id\":\"https:\\\/\\\/tarifaconnections.com\\\/es\\\/politica-de-privacidad\\\/#breadcrumb\",\"itemListElement\":[{\"@type\":\"ListItem\",\"position\":1,\"name\":\"Home\",\"item\":\"https:\\\/\\\/tarifaconnections.com\\\/es\\\/tarifa-connections\\\/\"},{\"@type\":\"ListItem\",\"position\":2,\"name\":\"Pol\u00edtica de privacidad\"}]},{\"@type\":\"WebSite\",\"@id\":\"https:\\\/\\\/tarifaconnections.com\\\/es\\\/#website\",\"url\":\"https:\\\/\\\/tarifaconnections.com\\\/es\\\/\",\"name\":\"Tarifa Connections\",\"description\":\"Enjoy a unique vacation experience in Tarifa with TarifaConnections. We connect you with an exclusive network of luxury villas and homes, including beachfront options with pools. In addition to your ideal accommodation, we customize your stay with activities, chef services, beauty treatments, and everything else you need. Your perfect getaway in southern Spain, tailored just for you.\",\"publisher\":{\"@id\":\"https:\\\/\\\/tarifaconnections.com\\\/es\\\/#organization\"},\"potentialAction\":[{\"@type\":\"SearchAction\",\"target\":{\"@type\":\"EntryPoint\",\"urlTemplate\":\"https:\\\/\\\/tarifaconnections.com\\\/es\\\/?s={search_term_string}\"},\"query-input\":{\"@type\":\"PropertyValueSpecification\",\"valueRequired\":true,\"valueName\":\"search_term_string\"}}],\"inLanguage\":\"es\"},{\"@type\":\"Organization\",\"@id\":\"https:\\\/\\\/tarifaconnections.com\\\/es\\\/#organization\",\"name\":\"Tarifa Connections\",\"url\":\"https:\\\/\\\/tarifaconnections.com\\\/es\\\/\",\"logo\":{\"@type\":\"ImageObject\",\"inLanguage\":\"es\",\"@id\":\"https:\\\/\\\/tarifaconnections.com\\\/es\\\/#\\\/schema\\\/logo\\\/image\\\/\",\"url\":\"https:\\\/\\\/tarifaconnections.com\\\/wp-content\\\/uploads\\\/2022\\\/01\\\/cropped-cropped-TC-DORADO-COMPLETO.png\",\"contentUrl\":\"https:\\\/\\\/tarifaconnections.com\\\/wp-content\\\/uploads\\\/2022\\\/01\\\/cropped-cropped-TC-DORADO-COMPLETO.png\",\"width\":1487,\"height\":425,\"caption\":\"Tarifa Connections\"},\"image\":{\"@id\":\"https:\\\/\\\/tarifaconnections.com\\\/es\\\/#\\\/schema\\\/logo\\\/image\\\/\"}}]}<\/script>\n<!-- \/ Yoast SEO plugin. -->","yoast_head_json":{"title":"Pol\u00edtica de privacidad - Tarifa Connections","robots":{"index":"index","follow":"follow","max-snippet":"max-snippet:-1","max-image-preview":"max-image-preview:large","max-video-preview":"max-video-preview:-1"},"canonical":"https:\/\/tarifaconnections.com\/es\/politica-de-privacidad\/","og_locale":"es_ES","og_type":"article","og_title":"Pol\u00edtica de privacidad - Tarifa Connections","og_description":"Pol\u00edtica de privacidad P\u00e1gina web www.tarifaconnetions.com Due\u00f1a del sitio web Nieves Pariente Cabrera. + info Controlador de datos Nieves Pariente Cabrera (Conexiones Tarifa), en adelante \u00abla empresa\u00bb + info Finalidad Gesti\u00f3n, estudio y resoluci\u00f3n de consultas realizadas a trav\u00e9s de la web + info Legitimaci\u00f3n Consentimiento otorgado por el usuario + info Consentimiento de edad [&hellip;]","og_url":"https:\/\/tarifaconnections.com\/es\/politica-de-privacidad\/","og_site_name":"Tarifa Connections","article_modified_time":"2025-09-03T12:10:10+00:00","twitter_card":"summary_large_image","twitter_misc":{"Tiempo de lectura":"8 minutos"},"schema":{"@context":"https:\/\/schema.org","@graph":[{"@type":"WebPage","@id":"https:\/\/tarifaconnections.com\/es\/politica-de-privacidad\/","url":"https:\/\/tarifaconnections.com\/es\/politica-de-privacidad\/","name":"Pol\u00edtica de privacidad - Tarifa Connections","isPartOf":{"@id":"https:\/\/tarifaconnections.com\/es\/#website"},"datePublished":"2021-11-29T08:35:29+00:00","dateModified":"2025-09-03T12:10:10+00:00","breadcrumb":{"@id":"https:\/\/tarifaconnections.com\/es\/politica-de-privacidad\/#breadcrumb"},"inLanguage":"es","potentialAction":[{"@type":"ReadAction","target":["https:\/\/tarifaconnections.com\/es\/politica-de-privacidad\/"]}]},{"@type":"BreadcrumbList","@id":"https:\/\/tarifaconnections.com\/es\/politica-de-privacidad\/#breadcrumb","itemListElement":[{"@type":"ListItem","position":1,"name":"Home","item":"https:\/\/tarifaconnections.com\/es\/tarifa-connections\/"},{"@type":"ListItem","position":2,"name":"Pol\u00edtica de privacidad"}]},{"@type":"WebSite","@id":"https:\/\/tarifaconnections.com\/es\/#website","url":"https:\/\/tarifaconnections.com\/es\/","name":"Tarifa Connections","description":"Enjoy a unique vacation experience in Tarifa with TarifaConnections. We connect you with an exclusive network of luxury villas and homes, including beachfront options with pools. In addition to your ideal accommodation, we customize your stay with activities, chef services, beauty treatments, and everything else you need. Your perfect getaway in southern Spain, tailored just for you.","publisher":{"@id":"https:\/\/tarifaconnections.com\/es\/#organization"},"potentialAction":[{"@type":"SearchAction","target":{"@type":"EntryPoint","urlTemplate":"https:\/\/tarifaconnections.com\/es\/?s={search_term_string}"},"query-input":{"@type":"PropertyValueSpecification","valueRequired":true,"valueName":"search_term_string"}}],"inLanguage":"es"},{"@type":"Organization","@id":"https:\/\/tarifaconnections.com\/es\/#organization","name":"Tarifa Connections","url":"https:\/\/tarifaconnections.com\/es\/","logo":{"@type":"ImageObject","inLanguage":"es","@id":"https:\/\/tarifaconnections.com\/es\/#\/schema\/logo\/image\/","url":"https:\/\/tarifaconnections.com\/wp-content\/uploads\/2022\/01\/cropped-cropped-TC-DORADO-COMPLETO.png","contentUrl":"https:\/\/tarifaconnections.com\/wp-content\/uploads\/2022\/01\/cropped-cropped-TC-DORADO-COMPLETO.png","width":1487,"height":425,"caption":"Tarifa Connections"},"image":{"@id":"https:\/\/tarifaconnections.com\/es\/#\/schema\/logo\/image\/"}}]}},"_links":{"self":[{"href":"https:\/\/tarifaconnections.com\/es\/wp-json\/wp\/v2\/pages\/2365","targetHints":{"allow":["GET"]}}],"collection":[{"href":"https:\/\/tarifaconnections.com\/es\/wp-json\/wp\/v2\/pages"}],"about":[{"href":"https:\/\/tarifaconnections.com\/es\/wp-json\/wp\/v2\/types\/page"}],"author":[{"embeddable":true,"href":"https:\/\/tarifaconnections.com\/es\/wp-json\/wp\/v2\/users\/1"}],"replies":[{"embeddable":true,"href":"https:\/\/tarifaconnections.com\/es\/wp-json\/wp\/v2\/comments?post=2365"}],"version-history":[{"count":2,"href":"https:\/\/tarifaconnections.com\/es\/wp-json\/wp\/v2\/pages\/2365\/revisions"}],"predecessor-version":[{"id":12435,"href":"https:\/\/tarifaconnections.com\/es\/wp-json\/wp\/v2\/pages\/2365\/revisions\/12435"}],"wp:attachment":[{"href":"https:\/\/tarifaconnections.com\/es\/wp-json\/wp\/v2\/media?parent=2365"}],"curies":[{"name":"wp","href":"https:\/\/api.w.org\/{rel}","templated":true}]}}