{"id":10353,"date":"2021-12-27T13:54:34","date_gmt":"2021-12-27T12:54:34","guid":{"rendered":"https:\/\/tarifaconnections.com\/cookie-richtlinie\/"},"modified":"2025-05-05T12:29:20","modified_gmt":"2025-05-05T10:29:20","slug":"cookie-richtlinie","status":"publish","type":"page","link":"https:\/\/tarifaconnections.com\/de\/cookie-richtlinie\/","title":{"rendered":"Cookie-Richtlinie"},"content":{"rendered":"\t\t<div data-elementor-type=\"wp-page\" data-elementor-id=\"10353\" class=\"elementor elementor-10353 elementor-548\" data-elementor-settings=\"{&quot;ha_cmc_init_switcher&quot;:&quot;no&quot;}\" data-elementor-post-type=\"page\">\n\t\t\t\t\t\t<section class=\"elementor-section elementor-top-section elementor-element elementor-element-52d5373c elementor-section-boxed elementor-section-height-default elementor-section-height-default\" data-id=\"52d5373c\" data-element_type=\"section\" data-e-type=\"section\" data-settings=\"{&quot;_ha_eqh_enable&quot;:false}\">\n\t\t\t\t\t\t<div class=\"elementor-container elementor-column-gap-default\">\n\t\t\t\t\t<div class=\"elementor-column elementor-col-100 elementor-top-column elementor-element elementor-element-4b0da78\" data-id=\"4b0da78\" data-element_type=\"column\" data-e-type=\"column\">\n\t\t\t<div class=\"elementor-widget-wrap elementor-element-populated\">\n\t\t\t\t\t\t<div class=\"elementor-element elementor-element-3157111 elementor-widget elementor-widget-heading\" data-id=\"3157111\" data-element_type=\"widget\" data-e-type=\"widget\" data-widget_type=\"heading.default\">\n\t\t\t\t<div class=\"elementor-widget-container\">\n\t\t\t\t\t<h2 class=\"elementor-heading-title elementor-size-default\">Cookie-Richtlinie<\/h2>\t\t\t\t<\/div>\n\t\t\t\t<\/div>\n\t\t\t\t<div class=\"elementor-element elementor-element-49fb9d3b elementor-widget elementor-widget-text-editor\" data-id=\"49fb9d3b\" data-element_type=\"widget\" data-e-type=\"widget\" data-widget_type=\"text-editor.default\">\n\t\t\t\t<div class=\"elementor-widget-container\">\n\t\t\t\t\t\t\t\t\t<div class=\"cli_pg_page_contaner\"><h3>\u00dcber diese Cookie-Richtlinie<\/h3><div>Diese Cookie-Richtlinie erkl\u00e4rt, was Cookies sind und wie wir sie verwenden, welche Arten von Cookies wir verwenden, welche Informationen wir mit Hilfe von Cookies sammeln und wie diese Informationen verwendet werden, und wie Sie die Cookie-Einstellungen kontrollieren k\u00f6nnen. Weitere Informationen dar\u00fcber, wie wir Ihre pers\u00f6nlichen Daten verwenden, speichern und sicher aufbewahren, finden Sie in unserer Datenschutzrichtlinie.\n\nSie k\u00f6nnen Ihre Einwilligung jederzeit in der Cookie-Erkl\u00e4rung auf unserer Website\n\u00e4ndern oder widerrufen. Erfahren Sie mehr dar\u00fcber, wer wir sind, wie Sie uns kontaktieren k\u00f6nnen und wie wir personenbezogene Daten verarbeiten, in unserer Datenschutzerkl\u00e4rung.\nIhre Einwilligung gilt f\u00fcr die folgenden Domains: tarifaconnections.com\n<div class=\"cli_user_consent_state\">Dein aktueller Status: Keine Einwilligung erteilt. <a class=\"cli_manage_current_consent\" style=\"cursor:pointer;text-decoration:underline;\">Verwalte deine Einwilligung<\/a> <\/div><\/div><h3>Was sind Cookies?<\/h3><div>Cookies sind kleine Textdateien, die dazu dienen, kleine Informationen zu speichern. Sie werden auf Ihrem Ger\u00e4t gespeichert, wenn die Website in Ihrem Browser geladen wird. Diese Cookies helfen uns, die Website ordnungsgem\u00e4ss zu betreiben, sie sicherer zu machen, eine bessere Benutzererfahrung zu bieten und zu verstehen, wie die Website funktioniert, um zu analysieren, was funktioniert und wo sie verbessert werden muss.<\/div><h3>Wie verwenden wir Cookies?<\/h3><div>Wie die meisten Online-Dienste verwendet auch unsere Website Erstanbieter- und Drittanbieter-Cookies f\u00fcr verschiedene Zwecke. Erstanbieter-Cookies sind meist notwendig, damit die Website richtig funktioniert, und sie erfassen keine personenbezogenen Daten.\n\nDie Cookies von Drittanbietern, die auf unserer Website verwendet werden, dienen haupts\u00e4chlich dazu, zu verstehen, wie die Website funktioniert, wie Sie mit unserer Website interagieren, unsere Dienste sicher zu halten, Ihnen f\u00fcr Sie relevante Werbung bereitzustellen und Ihnen alles in allem eine bessere und verbesserte Benutzererfahrung zu bieten und Ihre zuk\u00fcnftigen Interaktionen mit unserer Website zu beschleunigen.<\/div><h3>Welche Arten von Cookies verwenden wir?<\/h3><div>Unverzichtbar: Einige Cookies sind unerl\u00e4sslich, damit Sie die volle Funktionalit\u00e4t unserer Website nutzen k\u00f6nnen. Sie erm\u00f6glichen es uns, Benutzersitzungen aufrechtzuerhalten und Sicherheitsbedrohungen zu verhindern. Sie sammeln und speichern keine pers\u00f6nlichen Daten. Diese Cookies erm\u00f6glichen es Ihnen zum Beispiel, sich bei Ihrem Konto anzumelden, Produkte in Ihren Warenkorb zu legen und sicher zur Kasse zu gehen.\n\nStatistik: Diese Cookies speichern Informationen wie die Anzahl der Besucher der Website, die Anzahl der eindeutigen Besucher, welche Seiten der Website besucht wurden, die Quelle des Besuchs usw. Diese Daten helfen uns zu verstehen und zu analysieren, wie gut die Website funktioniert und wo sie verbessert werden muss.\n\nMarketing: Auf unserer Website wird Werbung angezeigt. Diese Cookies werden verwendet, um die Werbung, die wir Ihnen zeigen, so zu personalisieren, dass sie f\u00fcr Sie sinnvoll ist. Diese Cookies helfen uns auch dabei, die Effizienz dieser Werbekampagnen zu verfolgen.\nDie in diesen Cookies gespeicherten Informationen k\u00f6nnen auch von Drittanbietern verwendet werden, um Ihnen Werbung auf anderen Websites im Browser anzuzeigen.\n\nFunktional: Dies sind die Cookies, die bestimmte nicht essentielle Funktionen auf unserer Website unterst\u00fctzen. Zu diesen Funktionen geh\u00f6ren das Einbetten von Inhalten wie Videos oder das Teilen von Inhalten der Website auf sozialen Medienplattformen.\n\nPr\u00e4ferenzen: Diese Cookies helfen uns, Ihre Einstellungen und Browsing-Pr\u00e4ferenzen, wie z.B. die bevorzugte Sprache, zu speichern, damit Sie bei zuk\u00fcnftigen Besuchen der Website eine bessere und effizientere Erfahrung machen k\u00f6nnen.\n<\/div><h3>Wie kann ich die Cookie-Einstellungen kontrollieren?<\/h3><div>Sollten Sie sich entscheiden, Ihre Einstellungen im Laufe Ihrer Browsing-Sitzung zu \u00e4ndern, k\u00f6nnen Sie auf Ihrem Bildschirm auf die Registerkarte &#8222;Datenschutz und Cookie-Richtlinie&#8220; klicken. Daraufhin wird der Hinweis auf die Einwilligung erneut angezeigt, so dass Sie Ihre Einstellungen \u00e4ndern oder Ihre Einwilligung vollst\u00e4ndig widerrufen k\u00f6nnen.\n\nDar\u00fcber hinaus bieten verschiedene Browser unterschiedliche Methoden zum Blockieren und L\u00f6schen von Cookies, die von Websites verwendet werden. Sie k\u00f6nnen die Einstellungen Ihres Browsers \u00e4ndern, um die Cookies zu blockieren\/l\u00f6schen. Um mehr dar\u00fcber zu erfahren, wie Sie Cookies verwalten und l\u00f6schen k\u00f6nnen, besuchen Sie wikipedia.org, www.allaboutcookies.org.<\/div><\/div>\t\t\t\t\t\t\t\t<\/div>\n\t\t\t\t<\/div>\n\t\t\t\t\t<\/div>\n\t\t<\/div>\n\t\t\t\t\t<\/div>\n\t\t<\/section>\n\t\t\t\t<\/div>\n\t\t","protected":false},"excerpt":{"rendered":"<p>Cookie-Richtlinie \u00dcber diese Cookie-Richtlinie Diese Cookie-Richtlinie erkl\u00e4rt, was Cookies sind und wie wir sie verwenden, welche Arten von Cookies wir verwenden, welche Informationen wir mit Hilfe von Cookies sammeln und wie diese Informationen verwendet werden, und wie Sie die Cookie-Einstellungen kontrollieren k\u00f6nnen. Weitere Informationen dar\u00fcber, wie wir Ihre pers\u00f6nlichen Daten verwenden, speichern und sicher aufbewahren, [&hellip;]<\/p>\n","protected":false},"author":2,"featured_media":0,"parent":0,"menu_order":0,"comment_status":"closed","ping_status":"closed","template":"","meta":{"_joinchat":[],"footnotes":""},"class_list":["post-10353","page","type-page","status-publish","hentry"],"yoast_head":"<!-- This site is optimized with the Yoast SEO plugin v27.5 - https:\/\/yoast.com\/product\/yoast-seo-wordpress\/ -->\n<title>Cookie-Richtlinie - Tarifa Connections<\/title>\n<meta name=\"robots\" content=\"index, follow, max-snippet:-1, max-image-preview:large, max-video-preview:-1\" \/>\n<link rel=\"canonical\" href=\"https:\/\/tarifaconnections.com\/de\/cookie-richtlinie\/\" \/>\n<meta property=\"og:locale\" content=\"de_DE\" \/>\n<meta property=\"og:type\" content=\"article\" \/>\n<meta property=\"og:title\" content=\"Cookie-Richtlinie - Tarifa Connections\" \/>\n<meta property=\"og:description\" content=\"Cookie-Richtlinie \u00dcber diese Cookie-Richtlinie Diese Cookie-Richtlinie erkl\u00e4rt, was Cookies sind und wie wir sie verwenden, welche Arten von Cookies wir verwenden, welche Informationen wir mit Hilfe von Cookies sammeln und wie diese Informationen verwendet werden, und wie Sie die Cookie-Einstellungen kontrollieren k\u00f6nnen. Weitere Informationen dar\u00fcber, wie wir Ihre pers\u00f6nlichen Daten verwenden, speichern und sicher aufbewahren, [&hellip;]\" \/>\n<meta property=\"og:url\" content=\"https:\/\/tarifaconnections.com\/de\/cookie-richtlinie\/\" \/>\n<meta property=\"og:site_name\" content=\"Tarifa Connections\" \/>\n<meta property=\"article:modified_time\" content=\"2025-05-05T10:29:20+00:00\" \/>\n<meta name=\"twitter:card\" content=\"summary_large_image\" \/>\n<meta name=\"twitter:label1\" content=\"Gesch\u00e4tzte Lesezeit\" \/>\n\t<meta name=\"twitter:data1\" content=\"3\u00a0Minuten\" \/>\n<script type=\"application\/ld+json\" class=\"yoast-schema-graph\">{\"@context\":\"https:\\\/\\\/schema.org\",\"@graph\":[{\"@type\":\"WebPage\",\"@id\":\"https:\\\/\\\/tarifaconnections.com\\\/de\\\/cookie-richtlinie\\\/\",\"url\":\"https:\\\/\\\/tarifaconnections.com\\\/de\\\/cookie-richtlinie\\\/\",\"name\":\"Cookie-Richtlinie - Tarifa Connections\",\"isPartOf\":{\"@id\":\"https:\\\/\\\/tarifaconnections.com\\\/de\\\/#website\"},\"datePublished\":\"2021-12-27T12:54:34+00:00\",\"dateModified\":\"2025-05-05T10:29:20+00:00\",\"breadcrumb\":{\"@id\":\"https:\\\/\\\/tarifaconnections.com\\\/de\\\/cookie-richtlinie\\\/#breadcrumb\"},\"inLanguage\":\"de\",\"potentialAction\":[{\"@type\":\"ReadAction\",\"target\":[\"https:\\\/\\\/tarifaconnections.com\\\/de\\\/cookie-richtlinie\\\/\"]}]},{\"@type\":\"BreadcrumbList\",\"@id\":\"https:\\\/\\\/tarifaconnections.com\\\/de\\\/cookie-richtlinie\\\/#breadcrumb\",\"itemListElement\":[{\"@type\":\"ListItem\",\"position\":1,\"name\":\"Home\",\"item\":\"https:\\\/\\\/tarifaconnections.com\\\/de\\\/tarifa-verbindungen\\\/\"},{\"@type\":\"ListItem\",\"position\":2,\"name\":\"Cookie-Richtlinie\"}]},{\"@type\":\"WebSite\",\"@id\":\"https:\\\/\\\/tarifaconnections.com\\\/de\\\/#website\",\"url\":\"https:\\\/\\\/tarifaconnections.com\\\/de\\\/\",\"name\":\"Tarifa Connections\",\"description\":\"Enjoy a unique vacation experience in Tarifa with TarifaConnections. We connect you with an exclusive network of luxury villas and homes, including beachfront options with pools. In addition to your ideal accommodation, we customize your stay with activities, chef services, beauty treatments, and everything else you need. Your perfect getaway in southern Spain, tailored just for you.\",\"publisher\":{\"@id\":\"https:\\\/\\\/tarifaconnections.com\\\/de\\\/#organization\"},\"potentialAction\":[{\"@type\":\"SearchAction\",\"target\":{\"@type\":\"EntryPoint\",\"urlTemplate\":\"https:\\\/\\\/tarifaconnections.com\\\/de\\\/?s={search_term_string}\"},\"query-input\":{\"@type\":\"PropertyValueSpecification\",\"valueRequired\":true,\"valueName\":\"search_term_string\"}}],\"inLanguage\":\"de\"},{\"@type\":\"Organization\",\"@id\":\"https:\\\/\\\/tarifaconnections.com\\\/de\\\/#organization\",\"name\":\"Tarifa Connections\",\"url\":\"https:\\\/\\\/tarifaconnections.com\\\/de\\\/\",\"logo\":{\"@type\":\"ImageObject\",\"inLanguage\":\"de\",\"@id\":\"https:\\\/\\\/tarifaconnections.com\\\/de\\\/#\\\/schema\\\/logo\\\/image\\\/\",\"url\":\"https:\\\/\\\/tarifaconnections.com\\\/wp-content\\\/uploads\\\/2022\\\/01\\\/cropped-cropped-TC-DORADO-COMPLETO.png\",\"contentUrl\":\"https:\\\/\\\/tarifaconnections.com\\\/wp-content\\\/uploads\\\/2022\\\/01\\\/cropped-cropped-TC-DORADO-COMPLETO.png\",\"width\":1487,\"height\":425,\"caption\":\"Tarifa Connections\"},\"image\":{\"@id\":\"https:\\\/\\\/tarifaconnections.com\\\/de\\\/#\\\/schema\\\/logo\\\/image\\\/\"}}]}<\/script>\n<!-- \/ Yoast SEO plugin. -->","yoast_head_json":{"title":"Cookie-Richtlinie - Tarifa Connections","robots":{"index":"index","follow":"follow","max-snippet":"max-snippet:-1","max-image-preview":"max-image-preview:large","max-video-preview":"max-video-preview:-1"},"canonical":"https:\/\/tarifaconnections.com\/de\/cookie-richtlinie\/","og_locale":"de_DE","og_type":"article","og_title":"Cookie-Richtlinie - Tarifa Connections","og_description":"Cookie-Richtlinie \u00dcber diese Cookie-Richtlinie Diese Cookie-Richtlinie erkl\u00e4rt, was Cookies sind und wie wir sie verwenden, welche Arten von Cookies wir verwenden, welche Informationen wir mit Hilfe von Cookies sammeln und wie diese Informationen verwendet werden, und wie Sie die Cookie-Einstellungen kontrollieren k\u00f6nnen. Weitere Informationen dar\u00fcber, wie wir Ihre pers\u00f6nlichen Daten verwenden, speichern und sicher aufbewahren, [&hellip;]","og_url":"https:\/\/tarifaconnections.com\/de\/cookie-richtlinie\/","og_site_name":"Tarifa Connections","article_modified_time":"2025-05-05T10:29:20+00:00","twitter_card":"summary_large_image","twitter_misc":{"Gesch\u00e4tzte Lesezeit":"3\u00a0Minuten"},"schema":{"@context":"https:\/\/schema.org","@graph":[{"@type":"WebPage","@id":"https:\/\/tarifaconnections.com\/de\/cookie-richtlinie\/","url":"https:\/\/tarifaconnections.com\/de\/cookie-richtlinie\/","name":"Cookie-Richtlinie - Tarifa Connections","isPartOf":{"@id":"https:\/\/tarifaconnections.com\/de\/#website"},"datePublished":"2021-12-27T12:54:34+00:00","dateModified":"2025-05-05T10:29:20+00:00","breadcrumb":{"@id":"https:\/\/tarifaconnections.com\/de\/cookie-richtlinie\/#breadcrumb"},"inLanguage":"de","potentialAction":[{"@type":"ReadAction","target":["https:\/\/tarifaconnections.com\/de\/cookie-richtlinie\/"]}]},{"@type":"BreadcrumbList","@id":"https:\/\/tarifaconnections.com\/de\/cookie-richtlinie\/#breadcrumb","itemListElement":[{"@type":"ListItem","position":1,"name":"Home","item":"https:\/\/tarifaconnections.com\/de\/tarifa-verbindungen\/"},{"@type":"ListItem","position":2,"name":"Cookie-Richtlinie"}]},{"@type":"WebSite","@id":"https:\/\/tarifaconnections.com\/de\/#website","url":"https:\/\/tarifaconnections.com\/de\/","name":"Tarifa Connections","description":"Enjoy a unique vacation experience in Tarifa with TarifaConnections. We connect you with an exclusive network of luxury villas and homes, including beachfront options with pools. In addition to your ideal accommodation, we customize your stay with activities, chef services, beauty treatments, and everything else you need. Your perfect getaway in southern Spain, tailored just for you.","publisher":{"@id":"https:\/\/tarifaconnections.com\/de\/#organization"},"potentialAction":[{"@type":"SearchAction","target":{"@type":"EntryPoint","urlTemplate":"https:\/\/tarifaconnections.com\/de\/?s={search_term_string}"},"query-input":{"@type":"PropertyValueSpecification","valueRequired":true,"valueName":"search_term_string"}}],"inLanguage":"de"},{"@type":"Organization","@id":"https:\/\/tarifaconnections.com\/de\/#organization","name":"Tarifa Connections","url":"https:\/\/tarifaconnections.com\/de\/","logo":{"@type":"ImageObject","inLanguage":"de","@id":"https:\/\/tarifaconnections.com\/de\/#\/schema\/logo\/image\/","url":"https:\/\/tarifaconnections.com\/wp-content\/uploads\/2022\/01\/cropped-cropped-TC-DORADO-COMPLETO.png","contentUrl":"https:\/\/tarifaconnections.com\/wp-content\/uploads\/2022\/01\/cropped-cropped-TC-DORADO-COMPLETO.png","width":1487,"height":425,"caption":"Tarifa Connections"},"image":{"@id":"https:\/\/tarifaconnections.com\/de\/#\/schema\/logo\/image\/"}}]}},"_links":{"self":[{"href":"https:\/\/tarifaconnections.com\/de\/wp-json\/wp\/v2\/pages\/10353","targetHints":{"allow":["GET"]}}],"collection":[{"href":"https:\/\/tarifaconnections.com\/de\/wp-json\/wp\/v2\/pages"}],"about":[{"href":"https:\/\/tarifaconnections.com\/de\/wp-json\/wp\/v2\/types\/page"}],"author":[{"embeddable":true,"href":"https:\/\/tarifaconnections.com\/de\/wp-json\/wp\/v2\/users\/2"}],"replies":[{"embeddable":true,"href":"https:\/\/tarifaconnections.com\/de\/wp-json\/wp\/v2\/comments?post=10353"}],"version-history":[{"count":3,"href":"https:\/\/tarifaconnections.com\/de\/wp-json\/wp\/v2\/pages\/10353\/revisions"}],"predecessor-version":[{"id":11457,"href":"https:\/\/tarifaconnections.com\/de\/wp-json\/wp\/v2\/pages\/10353\/revisions\/11457"}],"wp:attachment":[{"href":"https:\/\/tarifaconnections.com\/de\/wp-json\/wp\/v2\/media?parent=10353"}],"curies":[{"name":"wp","href":"https:\/\/api.w.org\/{rel}","templated":true}]}}